{"id":3389,"date":"2019-12-22T16:31:31","date_gmt":"2019-12-22T13:31:31","guid":{"rendered":"http:\/\/www.arcane-group.be\/?post_type=product&#038;p=3389"},"modified":"2025-12-22T17:06:29","modified_gmt":"2025-12-22T16:06:29","slug":"pigtail-lszh-os2-om3-om4","status":"publish","type":"product","link":"https:\/\/www.arcane-group.be\/fr\/produit\/pigtail-lszh-os2-om3-om4\/","title":{"rendered":"Pigtail OS2, OM3, OM4, LSZH"},"content":{"rendered":"<p>1,5 m\u00e8tre de fibre optique (pigtail)<\/p>\n<ul>\n<li>0,9 mm<\/li>\n<li>Simplex (SX)<\/li>\n<li>Gaine \u00e0 faible d\u00e9gagement de fum\u00e9e et sans halog\u00e8ne (LSZH)<\/li>\n<li>RoHS<\/li>\n<\/ul>\n<p><b>SP\u00c9CIFICATION DU PRODUIT<\/b><br \/>\nHigh performance and cost-effective patch cords.<\/p>\n<p>Typical technical specifications:<\/p>\n<ul>\n<li>Connecteurs\n<ul>\n<li>IL Max @ 850nm &lt; 0,3dB<\/li>\n<li>IL Max @ 1300nm &lt; 0,3dB<\/li>\n<li>RL Min @ 850nm &gt;35dB<\/li>\n<li>RL Min @ 1300nm &gt; 50dB<\/li>\n<\/ul>\n<\/li>\n<\/ul>\n<ul>\n<li>Fibre\n<ul>\n<li>Attenuation Max @ 850nm &lt; 3,4dB\/km<\/li>\n<li>Attenuation Max @ 1300nm &lt; 1,0dB\/km<\/li>\n<\/ul>\n<\/li>\n<\/ul>\n<p>Temperature range : -20 \u00b0C to 70\u00b0C<br \/>\nLes diam\u00e8tres ext\u00e9rieurs suivants sont disponibles : 0,9mm \/ 1,6mm \/ 2.0mm \/ 3.0mm<\/p>\n<p>Following connectors are available : LC, SC, FC, ST, LC\/APC, SC\/APC, FC\/APC, ST\/APC<\/p>\n<p>Following fibers type are available : OS2, OM3, OM4<\/p>\n<p>By default, in case of APC, the angle is 8\u00b0. For 9\u00b0 should be requested before ordering.<\/p>\n<div id=\"WidgetFloaterPanels\" class=\"LTRStyle\" style=\"display: none; text-align: left; direction: ltr; visibility: hidden;\" translate=\"no\">\n<div id=\"WidgetFloater\" style=\"display: none;\">\n<div id=\"WidgetLogoPanel\"><span id=\"WidgetTranslateWithSpan\">Traduire avec <img id=\"FloaterLogo\" \/><\/span> <span id=\"WidgetCloseButton\" title=\"Exit Traduction\">x<\/span><\/div>\n<div id=\"LanguageMenuPanel\">\n<div class=\"DDStyle_outer\">\n<p><input id=\"LanguageMenu_svid\" style=\"display: none;\" autocomplete=\"on\" name=\"LanguageMenu_svid\" type=\"text\" value=\"en\" \/> <input id=\"LanguageMenu_textid\" style=\"display: none;\" autocomplete=\"on\" name=\"LanguageMenu_textid\" type=\"text\" \/> <span id=\"__LanguageMenu_header\" class=\"DDStyle\" tabindex=\"0\">Anglais<\/span><\/p>\n<div style=\"position: relative; text-align: left; left: 0;\">\n<div style=\"position: absolute; ;left: 0px;\">\n<div id=\"__LanguageMenu_popup\" class=\"DDStyle\" style=\"display: none;\">\n<table id=\"LanguageMenu\" border=\"0\">\n<tbody>\n<tr>\n<td><a tabindex=\"-1\" href=\"#ar\">L'arabe<\/a><\/td>\n<td><a tabindex=\"-1\" href=\"#he\">H\u00e9breu<\/a><\/td>\n<td><a tabindex=\"-1\" href=\"#pl\">Polonais<\/a><\/td>\n<\/tr>\n<tr>\n<td><a tabindex=\"-1\" href=\"#bg\">Bulgare<\/a><\/td>\n<td><a tabindex=\"-1\" href=\"#hi\">Hindi<\/a><\/td>\n<td><a tabindex=\"-1\" href=\"#pt\">Portugais<\/a><\/td>\n<\/tr>\n<tr>\n<td><a tabindex=\"-1\" href=\"#ca\">Catalan<\/a><\/td>\n<td><a tabindex=\"-1\" href=\"#mww\">Hmong Daw<\/a><\/td>\n<td><a tabindex=\"-1\" href=\"#ro\">Roumain<\/a><\/td>\n<\/tr>\n<tr>\n<td><a tabindex=\"-1\" href=\"#zh-CHS\">Chinois simplifi\u00e9<\/a><\/td>\n<td><a tabindex=\"-1\" href=\"#hu\">Hongrois<\/a><\/td>\n<td><a tabindex=\"-1\" href=\"#ru\">Russie<\/a><\/td>\n<\/tr>\n<tr>\n<td><a tabindex=\"-1\" href=\"#zh-CHT\">Chinois traditionnel<\/a><\/td>\n<td><a tabindex=\"-1\" href=\"#id\">Indon\u00e9sien<\/a><\/td>\n<td><a tabindex=\"-1\" href=\"#sk\">Slovaque<\/a><\/td>\n<\/tr>\n<tr>\n<td><a tabindex=\"-1\" href=\"#cs\">Tch\u00e8que<\/a><\/td>\n<td><a tabindex=\"-1\" href=\"#it\">Italien<\/a><\/td>\n<td><a tabindex=\"-1\" href=\"#sl\">Slov\u00e8ne<\/a><\/td>\n<\/tr>\n<tr>\n<td><a tabindex=\"-1\" href=\"#da\">Danois<\/a><\/td>\n<td><a tabindex=\"-1\" href=\"#ja\">Japonais<\/a><\/td>\n<td><a tabindex=\"-1\" href=\"#es\">Espagnol<\/a><\/td>\n<\/tr>\n<tr>\n<td><a tabindex=\"-1\" href=\"#nl\">N\u00e9erlandais<\/a><\/td>\n<td><a tabindex=\"-1\" href=\"#tlh\">Klingon<\/a><\/td>\n<td><a tabindex=\"-1\" href=\"#sv\">Su\u00e9dois<\/a><\/td>\n<\/tr>\n<tr>\n<td><a tabindex=\"-1\" href=\"#en\">Anglais<\/a><\/td>\n<td><a tabindex=\"-1\" href=\"#ko\">Cor\u00e9en<\/a><\/td>\n<td><a tabindex=\"-1\" href=\"#th\">Tha\u00eflande<\/a><\/td>\n<\/tr>\n<tr>\n<td><a tabindex=\"-1\" href=\"#et\">Estonien<\/a><\/td>\n<td><a tabindex=\"-1\" href=\"#lv\">Letton<\/a><\/td>\n<td><a tabindex=\"-1\" href=\"#tr\">Turc<\/a><\/td>\n<\/tr>\n<tr>\n<td><a tabindex=\"-1\" href=\"#fi\">Finlandais<\/a><\/td>\n<td><a tabindex=\"-1\" href=\"#lt\">Lituanien<\/a><\/td>\n<td><a tabindex=\"-1\" href=\"#uk\">Ukrainien<\/a><\/td>\n<\/tr>\n<tr>\n<td><a tabindex=\"-1\" href=\"#fr\">Fran\u00e7ais<\/a><\/td>\n<td><a tabindex=\"-1\" href=\"#ms\">Malais<\/a><\/td>\n<td><a tabindex=\"-1\" href=\"#ur\">Urdu<\/a><\/td>\n<\/tr>\n<tr>\n<td><a tabindex=\"-1\" href=\"#de\">Allemand<\/a><\/td>\n<td><a tabindex=\"-1\" href=\"#mt\">Maltais<\/a><\/td>\n<td><a tabindex=\"-1\" href=\"#vi\">Vietnamien<\/a><\/td>\n<\/tr>\n<tr>\n<td><a tabindex=\"-1\" href=\"#el\">Grecque<\/a><\/td>\n<td><a tabindex=\"-1\" href=\"#no\">Norv\u00e9gien<\/a><\/td>\n<td><a tabindex=\"-1\" href=\"#cy\">Gallois<\/a><\/td>\n<\/tr>\n<tr>\n<td><a tabindex=\"-1\" href=\"#ht\">Cr\u00e9ole ha\u00eftien<\/a><\/td>\n<td><a tabindex=\"-1\" href=\"#fa\">Persan<\/a><\/td>\n<td><\/td>\n<\/tr>\n<\/tbody>\n<\/table>\n<p><img style=\"height: 7px; width: 17px; border-width: 0px; left: 20px;\" alt=\"\" \/><\/p>\n<\/div>\n<\/div>\n<\/div>\n<\/div>\n<p><script type=\"text\/javascript\"> var LanguageMenu; var LanguageMenu_keys=[\"ar\",\"bg\",\"ca\",\"zh-CHS\",\"zh-CHT\",\"cs\",\"da\",\"nl\",\"en\",\"et\",\"fi\",\"fr\",\"de\",\"el\",\"ht\",\"he\",\"hi\",\"mww\",\"hu\",\"id\",\"it\",\"ja\",\"tlh\",\"ko\",\"lv\",\"lt\",\"ms\",\"mt\",\"no\",\"fa\",\"pl\",\"pt\",\"ro\",\"ru\",\"sk\",\"sl\",\"es\",\"sv\",\"th\",\"tr\",\"uk\",\"ur\",\"vi\",\"cy\"]; var LanguageMenu_values=[\"Arabic\",\"Bulgarian\",\"Catalan\",\"Chinese Simplified\",\"Chinese Traditional\",\"Czech\",\"Danish\",\"Dutch\",\"English\",\"Estonian\",\"Finnish\",\"French\",\"German\",\"Greek\",\"Haitian Creole\",\"Hebrew\",\"Hindi\",\"Hmong Daw\",\"Hungarian\",\"Indonesian\",\"Italian\",\"Japanese\",\"Klingon\",\"Korean\",\"Latvian\",\"Lithuanian\",\"Malay\",\"Maltese\",\"Norwegian\",\"Persian\",\"Polish\",\"Portuguese\",\"Romanian\",\"Russian\",\"Slovak\",\"Slovenian\",\"Spanish\",\"Swedish\",\"Thai\",\"Turkish\",\"Ukrainian\",\"Urdu\",\"Vietnamese\",\"Welsh\"]; var LanguageMenu_callback=function(){ }; var LanguageMenu_popupid='__LanguageMenu_popup'; <\/script>\u201c&gt;\u201d&gt;<\/p>\n<\/div>\n<div id=\"EmbedNoticeDiv\"><span id=\"EmbedNoticeSpan\">Activez les fonctions de collaboration et personnalisez le widget : <a href=\"http:\/\/www.bing.com\/widget\/translator\" target=\"_blank\" rel=\"noopener\">Portail Bing pour les webmasters<\/a><\/span><\/div>\n<div id=\"EmbedFooterDiv\"><span id=\"EmbedBackSpan\"><a title=\"Retour \u00e0 la traduction\">Retour<\/a><\/span><\/div>\n<\/div>\n<p><script type=\"text\/javascript\"> var intervalId = setInterval(function () { if (MtPopUpList) { LanguageMenu = new MtPopUpList(); var langMenu = document.getElementById(LanguageMenu_popupid); var origLangDiv = document.createElement(\"div\"); origLangDiv.id = \"OriginalLanguageDiv\"; origLangDiv.innerHTML = \"<span id='OriginalTextSpan'>ORIGINAL: <\/span><span id='OriginalLanguageSpan'><\/span>\"; langMenu.appendChild(origLangDiv); LanguageMenu.Init('LanguageMenu', LanguageMenu_keys, LanguageMenu_values, LanguageMenu_callback, LanguageMenu_popupid); window[\"LanguageMenu\"] = LanguageMenu; clearInterval(intervalId); } }, 1); <\/script><\/p>\n<\/div>","protected":false},"excerpt":{"rendered":"<p>1,5 m\u00e8tre de fibre optique (pigtail)<\/p>\n<ul>\n<li>0,9 mm<\/li>\n<li>Mode unique ou multimode<\/li>\n<li>Simplex (SX)<\/li>\n<li>Gaine \u00e0 faible d\u00e9gagement de fum\u00e9e et sans halog\u00e8ne (LSZH)<\/li>\n<li>RoHS<\/li>\n<li>Emballage unique<\/li>\n<\/ul>\n<p>Tous les fichiers techniques se trouvent ci-dessous dans la section \u201c<strong>Description<\/strong>\u201dVous devez \u00eatre connect\u00e9 pour voir le lien permettant de t\u00e9l\u00e9charger le fichier. Aller \u00e0 <a href=\"https:\/\/www.arcane-group.be\/fr\/my-account\/\">Mon compte<\/a>\u00a0pour se connecter ou cr\u00e9er un compte.<\/p>","protected":false},"featured_media":22077,"comment_status":"open","ping_status":"closed","template":"","meta":[],"product_brand":[],"product_cat":[156],"product_tag":[210,232],"class_list":{"0":"post-3389","1":"product","2":"type-product","3":"status-publish","4":"has-post-thumbnail","6":"product_cat-pigtails","7":"product_tag-optical-fiber","8":"product_tag-pigtail","10":"first","11":"instock","12":"sale","13":"taxable","14":"shipping-taxable","15":"purchasable","16":"product-type-variable","17":"has-default-attributes"},"_links":{"self":[{"href":"https:\/\/www.arcane-group.be\/fr\/wp-json\/wp\/v2\/product\/3389","targetHints":{"allow":["GET"]}}],"collection":[{"href":"https:\/\/www.arcane-group.be\/fr\/wp-json\/wp\/v2\/product"}],"about":[{"href":"https:\/\/www.arcane-group.be\/fr\/wp-json\/wp\/v2\/types\/product"}],"replies":[{"embeddable":true,"href":"https:\/\/www.arcane-group.be\/fr\/wp-json\/wp\/v2\/comments?post=3389"}],"wp:featuredmedia":[{"embeddable":true,"href":"https:\/\/www.arcane-group.be\/fr\/wp-json\/wp\/v2\/media\/22077"}],"wp:attachment":[{"href":"https:\/\/www.arcane-group.be\/fr\/wp-json\/wp\/v2\/media?parent=3389"}],"wp:term":[{"taxonomy":"product_brand","embeddable":true,"href":"https:\/\/www.arcane-group.be\/fr\/wp-json\/wp\/v2\/product_brand?post=3389"},{"taxonomy":"product_cat","embeddable":true,"href":"https:\/\/www.arcane-group.be\/fr\/wp-json\/wp\/v2\/product_cat?post=3389"},{"taxonomy":"product_tag","embeddable":true,"href":"https:\/\/www.arcane-group.be\/fr\/wp-json\/wp\/v2\/product_tag?post=3389"}],"curies":[{"name":"wp","href":"https:\/\/api.w.org\/{rel}","templated":true}]}}