{"id":3347,"date":"2019-12-22T10:28:21","date_gmt":"2019-12-22T10:28:21","guid":{"rendered":"http:\/\/www.arcane-group.be\/?post_type=product&#038;p=3347"},"modified":"2026-01-20T13:58:51","modified_gmt":"2026-01-20T12:58:51","slug":"optical-fibers-adapter-lc-sc-fc-st-mpo","status":"publish","type":"product","link":"https:\/\/www.arcane-group.be\/fr\/produit\/optical-fibers-adapter-lc-sc-fc-st-mpo\/","title":{"rendered":"Fibre Adapter LC to LC"},"content":{"rendered":"<div class=\"fusion-layout-column fusion_builder_column fusion-builder-column-4 fusion_builder_column_1_1 1_1 fusion-one-full fusion-column-first fusion-column-last\">\n<div class=\"fusion-column-wrapper fusion-flex-column-wrapper-legacy\">\n<div class=\"fusion-title title fusion-title-3 fusion-sep-none fusion-title-text fusion-title-size-two\">\n<h2 class=\"title-heading-left fusion-responsive-typography-calculated\">Fibre Adapter LC to LC<\/h2>\n<\/div>\n<div class=\"fusion-text fusion-text-5\">\n<div class=\"p_con_02\">By linking connectors precisely, fibre optic adapters allow the light sources to be transmitted at most and lower the loss as much as possible. At the same time, fibre optic adapters have the merits of low insertion loss, good interchangeability and reproducibility. ARCANE GROUP supplies a wide range of mating sleeves and hybrid adapters, including special male to female hybrid fibre optic adapter.<\/div>\n<ul>\n<li>Type: LC to LC<\/li>\n<li>Fibre Count: Quad (4cores), DX (2 cores), SX (1 core)<\/li>\n<li>Sleeve : Ceramic<\/li>\n<li>Insertion Loss: &lt;0,2dB<\/li>\n<li>Mode: OM4, OM3 and OS2, OM5 on demand<\/li>\n<li>Life cycle : &gt; 1000 plug<\/li>\n<li>Durability: &lt;0,1dB<\/li>\n<li>Working Temperature: -25\u00b0C to 70\u00b0C<\/li>\n<li>RoHS : Yes<\/li>\n<\/ul>\n<\/div>\n<\/div>\n<\/div>\n<div class=\"fusion-layout-column fusion_builder_column fusion-builder-column-5 fusion_builder_column_1_1 1_1 fusion-one-full fusion-column-first fusion-column-last\">\n<div class=\"fusion-column-wrapper fusion-flex-column-wrapper-legacy\">\n<div class=\"fusion-title title fusion-title-4 fusion-sep-none fusion-title-text fusion-title-size-two\">\n<h2 class=\"title-heading-left fusion-responsive-typography-calculated\">Quality Certification<\/h2>\n<\/div>\n<div class=\"fusion-text fusion-text-6\">\n<p>Quality and standards are the foundation of ARCANE GROUP. We are dedicated to providing customers with the outstanding, standards-compliant products and services.<br \/>\nARCANE GROUP has passed many quality system verification, like CE, RoHS, established an internationally standardized quality assurance system and strictly implemented standardized management and control in the course of design, development, production, installation and service.<\/p>\n<p>Please Note: Each adapter is 100% optically inspected and tested for insertion loss before you receive it.<\/p>\nPrivate File - Access Forbidden\nPrivate File - Access Forbidden\nPrivate File - Access Forbidden\n<p>&nbsp;<\/p>\n<\/div>\n<\/div>\n<\/div>\n<div id=\"WidgetFloaterPanels\" class=\"LTRStyle\" style=\"display: none; text-align: left; direction: ltr; visibility: hidden;\" translate=\"no\">\n<div id=\"WidgetFloater\" style=\"display: none;\">\n<div id=\"WidgetLogoPanel\"><span id=\"WidgetTranslateWithSpan\">Traduire avec <img id=\"FloaterLogo\" \/><\/span> <span id=\"WidgetCloseButton\" title=\"Exit Traduction\">x<\/span><\/div>\n<div id=\"LanguageMenuPanel\">\n<div class=\"DDStyle_outer\">\n<p><input id=\"LanguageMenu_svid\" style=\"display: none;\" autocomplete=\"on\" name=\"LanguageMenu_svid\" type=\"text\" value=\"en\" \/> <input id=\"LanguageMenu_textid\" style=\"display: none;\" autocomplete=\"on\" name=\"LanguageMenu_textid\" type=\"text\" \/> <span id=\"__LanguageMenu_header\" class=\"DDStyle\" tabindex=\"0\">Anglais<\/span><\/p>\n<div style=\"position: relative; text-align: left; left: 0;\">\n<div style=\"position: absolute; ;left: 0px;\">\n<div id=\"__LanguageMenu_popup\" class=\"DDStyle\" style=\"display: none;\">\n<table id=\"LanguageMenu\" border=\"0\">\n<tbody>\n<tr>\n<td><a tabindex=\"-1\" href=\"#ar\">L'arabe<\/a><\/td>\n<td><a tabindex=\"-1\" href=\"#he\">H\u00e9breu<\/a><\/td>\n<td><a tabindex=\"-1\" href=\"#pl\">Polonais<\/a><\/td>\n<\/tr>\n<tr>\n<td><a tabindex=\"-1\" href=\"#bg\">Bulgare<\/a><\/td>\n<td><a tabindex=\"-1\" href=\"#hi\">Hindi<\/a><\/td>\n<td><a tabindex=\"-1\" href=\"#pt\">Portugais<\/a><\/td>\n<\/tr>\n<tr>\n<td><a tabindex=\"-1\" href=\"#ca\">Catalan<\/a><\/td>\n<td><a tabindex=\"-1\" href=\"#mww\">Hmong Daw<\/a><\/td>\n<td><a tabindex=\"-1\" href=\"#ro\">Roumain<\/a><\/td>\n<\/tr>\n<tr>\n<td><a tabindex=\"-1\" href=\"#zh-CHS\">Chinois simplifi\u00e9<\/a><\/td>\n<td><a tabindex=\"-1\" href=\"#hu\">Hongrois<\/a><\/td>\n<td><a tabindex=\"-1\" href=\"#ru\">Russie<\/a><\/td>\n<\/tr>\n<tr>\n<td><a tabindex=\"-1\" href=\"#zh-CHT\">Chinois traditionnel<\/a><\/td>\n<td><a tabindex=\"-1\" href=\"#id\">Indon\u00e9sien<\/a><\/td>\n<td><a tabindex=\"-1\" href=\"#sk\">Slovaque<\/a><\/td>\n<\/tr>\n<tr>\n<td><a tabindex=\"-1\" href=\"#cs\">Tch\u00e8que<\/a><\/td>\n<td><a tabindex=\"-1\" href=\"#it\">Italien<\/a><\/td>\n<td><a tabindex=\"-1\" href=\"#sl\">Slov\u00e8ne<\/a><\/td>\n<\/tr>\n<tr>\n<td><a tabindex=\"-1\" href=\"#da\">Danois<\/a><\/td>\n<td><a tabindex=\"-1\" href=\"#ja\">Japonais<\/a><\/td>\n<td><a tabindex=\"-1\" href=\"#es\">Espagnol<\/a><\/td>\n<\/tr>\n<tr>\n<td><a tabindex=\"-1\" href=\"#nl\">N\u00e9erlandais<\/a><\/td>\n<td><a tabindex=\"-1\" href=\"#tlh\">Klingon<\/a><\/td>\n<td><a tabindex=\"-1\" href=\"#sv\">Su\u00e9dois<\/a><\/td>\n<\/tr>\n<tr>\n<td><a tabindex=\"-1\" href=\"#en\">Anglais<\/a><\/td>\n<td><a tabindex=\"-1\" href=\"#ko\">Cor\u00e9en<\/a><\/td>\n<td><a tabindex=\"-1\" href=\"#th\">Tha\u00eflande<\/a><\/td>\n<\/tr>\n<tr>\n<td><a tabindex=\"-1\" href=\"#et\">Estonien<\/a><\/td>\n<td><a tabindex=\"-1\" href=\"#lv\">Letton<\/a><\/td>\n<td><a tabindex=\"-1\" href=\"#tr\">Turc<\/a><\/td>\n<\/tr>\n<tr>\n<td><a tabindex=\"-1\" href=\"#fi\">Finlandais<\/a><\/td>\n<td><a tabindex=\"-1\" href=\"#lt\">Lituanien<\/a><\/td>\n<td><a tabindex=\"-1\" href=\"#uk\">Ukrainien<\/a><\/td>\n<\/tr>\n<tr>\n<td><a tabindex=\"-1\" href=\"#fr\">Fran\u00e7ais<\/a><\/td>\n<td><a tabindex=\"-1\" href=\"#ms\">Malais<\/a><\/td>\n<td><a tabindex=\"-1\" href=\"#ur\">Urdu<\/a><\/td>\n<\/tr>\n<tr>\n<td><a tabindex=\"-1\" href=\"#de\">Allemand<\/a><\/td>\n<td><a tabindex=\"-1\" href=\"#mt\">Maltais<\/a><\/td>\n<td><a tabindex=\"-1\" href=\"#vi\">Vietnamien<\/a><\/td>\n<\/tr>\n<tr>\n<td><a tabindex=\"-1\" href=\"#el\">Grecque<\/a><\/td>\n<td><a tabindex=\"-1\" href=\"#no\">Norv\u00e9gien<\/a><\/td>\n<td><a tabindex=\"-1\" href=\"#cy\">Gallois<\/a><\/td>\n<\/tr>\n<tr>\n<td><a tabindex=\"-1\" href=\"#ht\">Cr\u00e9ole ha\u00eftien<\/a><\/td>\n<td><a tabindex=\"-1\" href=\"#fa\">Persan<\/a><\/td>\n<td><\/td>\n<\/tr>\n<\/tbody>\n<\/table>\n<p><img style=\"height: 7px; width: 17px; border-width: 0px; left: 20px;\" alt=\"\" \/><\/p>\n<\/div>\n<\/div>\n<\/div>\n<\/div>\n<p><script type=\"text\/javascript\"> var LanguageMenu; var LanguageMenu_keys=[\"ar\",\"bg\",\"ca\",\"zh-CHS\",\"zh-CHT\",\"cs\",\"da\",\"nl\",\"en\",\"et\",\"fi\",\"fr\",\"de\",\"el\",\"ht\",\"he\",\"hi\",\"mww\",\"hu\",\"id\",\"it\",\"ja\",\"tlh\",\"ko\",\"lv\",\"lt\",\"ms\",\"mt\",\"no\",\"fa\",\"pl\",\"pt\",\"ro\",\"ru\",\"sk\",\"sl\",\"es\",\"sv\",\"th\",\"tr\",\"uk\",\"ur\",\"vi\",\"cy\"]; var LanguageMenu_values=[\"Arabic\",\"Bulgarian\",\"Catalan\",\"Chinese Simplified\",\"Chinese Traditional\",\"Czech\",\"Danish\",\"Dutch\",\"English\",\"Estonian\",\"Finnish\",\"French\",\"German\",\"Greek\",\"Haitian Creole\",\"Hebrew\",\"Hindi\",\"Hmong Daw\",\"Hungarian\",\"Indonesian\",\"Italian\",\"Japanese\",\"Klingon\",\"Korean\",\"Latvian\",\"Lithuanian\",\"Malay\",\"Maltese\",\"Norwegian\",\"Persian\",\"Polish\",\"Portuguese\",\"Romanian\",\"Russian\",\"Slovak\",\"Slovenian\",\"Spanish\",\"Swedish\",\"Thai\",\"Turkish\",\"Ukrainian\",\"Urdu\",\"Vietnamese\",\"Welsh\"]; var LanguageMenu_callback=function(){ }; var LanguageMenu_popupid='__LanguageMenu_popup'; <\/script><\/p>\n<\/div>\n<div id=\"CTFLinksPanel\"><span id=\"ExternalLinksPanel\"><a id=\"HelpLink\" title=\"Aide\" href=\"https:\/\/go.microsoft.com\/?linkid=9722454\" target=\"_blank\" rel=\"noopener\"> <img id=\"HelpImg\" \/><\/a> <a id=\"EmbedLink\" title=\"Obtenez ce widget pour votre propre site\"><\/a> <img id=\"EmbedImg\" \/> <a id=\"ShareLink\" title=\"Partager la page traduite avec des amis\"><\/a> <img id=\"ShareImg\" \/> <\/span><\/div>\n<div id=\"FloaterProgressBar\"><\/div>\n<\/div>\n<div id=\"WidgetFloaterCollapsed\" style=\"display: none;\">Traduire avec <img id=\"CollapsedLogoImg\" \/><\/div>\n<div id=\"FloaterSharePanel\" style=\"display: none;\">\n<div id=\"ShareTextDiv\"><span id=\"ShareTextSpan\"> COPIER L'URL CI-DESSOUS <\/span><\/div>\n<div id=\"ShareTextboxDiv\"><input id=\"ShareTextbox\" name=\"ShareTextbox\" readonly=\"readonly\" type=\"text\" \/> <!--a id=\"TwitterLink\" title=\"Share on Twitter\"> <img id=\"TwitterImg\" \/><\/a> <a-- id=\"FacebookLink\" title=\"Share on Facebook\"> <img id=\"FacebookImg\" \/><\/a--> <a id=\"EmailLink\" title=\"Envoyer cette traduction par courriel\"><\/a> <img id=\"EmailImg\" \/><\/div>\n<div id=\"ShareFooter\"><span id=\"ShareHelpSpan\"><a id=\"ShareHelpLink\"><\/a> <img id=\"ShareHelpImg\" \/><\/span> <span id=\"ShareBackSpan\"><a id=\"ShareBack\" title=\"Retour \u00e0 la traduction\"><\/a> Retour<\/span><\/div>\n<p><input id=\"EmailSubject\" name=\"EmailSubject\" type=\"hidden\" value=\"Check out this page in {0} translated from {1}\" \/> <input id=\"EmailBody\" name=\"EmailBody\" type=\"hidden\" value=\"Translated: {0}%0d%0aOriginal: {1}%0d%0a%0d%0aAutomatic translation powered by Microsoft\u00ae Translator%0d%0ahttp:\/\/www.bing.com\/translator?ref=MSTWidget\" \/> <input id=\"ShareHelpText\" type=\"hidden\" value=\"This link allows visitors to launch this page and automatically translate it to {0}.\" \/><\/p>\n<\/div>\n<div id=\"FloaterEmbed\" style=\"display: none;\">\n<div id=\"EmbedTextDiv\"><span id=\"EmbedTextSpan\">INT\u00c9GREZ LE SNIPPET CI-DESSOUS DANS VOTRE SITE<\/span> <a id=\"EmbedHelpLink\" title=\"Copiez ce code et ins\u00e9rez-le dans votre code HTML.\"><\/a> <img id=\"EmbedHelpImg\" \/><\/div>\n<div id=\"EmbedTextboxDiv\"><input id=\"EmbedSnippetTextBox\" name=\"EmbedSnippetTextBox\" readonly=\"readonly\" type=\"text\" value=\"&lt;div id='MicrosoftTranslatorWidget' class='Dark' style='color:white;background-color:#555555'&gt;&lt;\/div&gt;&lt;script type='text\/javascript'&gt;setTimeout(function(){var s=document.createElement('script');s.type='text\/javascript';s.charset='UTF-8';s.src=((location &amp;&amp; location.href &amp;&amp; location.href.indexOf('https') == 0)?'https:\/\/ssl.microsofttranslator.com':'http:\/\/www.microsofttranslator.com')+'\/ajax\/v3\/WidgetV3.ashx?siteData=ueOIGRSKkd965FeEGM5JtQ**&amp;ctf=true&amp;ui=true&amp;settings=manual&amp;from=en';var p=document.getElementsByTagName('head')[0]||document.documentElement;p.insertBefore(s,p.firstChild); },0);&lt;\/script&gt;\" \/><\/div>\n<div id=\"EmbedNoticeDiv\"><span id=\"EmbedNoticeSpan\">Activez les fonctions de collaboration et personnalisez le widget : <a href=\"http:\/\/www.bing.com\/widget\/translator\" target=\"_blank\" rel=\"noopener\">Portail Bing pour les webmasters<\/a><\/span><\/div>\n<div id=\"EmbedFooterDiv\"><span id=\"EmbedBackSpan\"><a title=\"Retour \u00e0 la traduction\">Retour<\/a><\/span><\/div>\n<\/div>\n<p><script type=\"text\/javascript\"> var intervalId = setInterval(function () { if (MtPopUpList) { LanguageMenu = new MtPopUpList(); var langMenu = document.getElementById(LanguageMenu_popupid); var origLangDiv = document.createElement(\"div\"); origLangDiv.id = \"OriginalLanguageDiv\"; origLangDiv.innerHTML = \"<span id='OriginalTextSpan'>ORIGINAL: <\/span><span id='OriginalLanguageSpan'><\/span>\"; langMenu.appendChild(origLangDiv); LanguageMenu.Init('LanguageMenu', LanguageMenu_keys, LanguageMenu_values, LanguageMenu_callback, LanguageMenu_popupid); window[\"LanguageMenu\"] = LanguageMenu; clearInterval(intervalId); } }, 1); <\/script><\/p>\n<\/div>","protected":false},"excerpt":{"rendered":"<div class=\"fusion-builder-row fusion-builder-row-inner fusion-row\">\n<div class=\"fusion-layout-column fusion_builder_column_inner fusion-builder-nested-column-0 fusion_builder_column_inner_2_3 2_3 fusion-two-third fusion-column-first\">\n<div class=\"fusion-column-wrapper fusion-flex-column-wrapper-legacy\">\n<div class=\"fusion-text fusion-text-1\">\n<h3 class=\"fusion-responsive-typography-calculated\" data-fontsize=\"16\" data-lineheight=\"24px\"><span style=\"font-size: 16px;\">Connecteur LC \u00e0 connecteur LC pour :<\/span><\/h3>\n<\/div>\n<\/div>\n<\/div>\n<\/div>\n<div class=\"fusion-builder-row fusion-builder-row-inner fusion-row\">\n<div class=\"fusion-layout-column fusion_builder_column_inner fusion-builder-nested-column-2 fusion_builder_column_inner_1_2 1_2 fusion-one-half fusion-column-first\">\n<div class=\"fusion-column-wrapper fusion-flex-column-wrapper-legacy\">\n<div class=\"fusion-text fusion-text-2\">\n<ul>\n<li>CATV, terminaison de dispositif actif<\/li>\n<li>T\u00e9l\u00e9communications et r\u00e9seaux m\u00e9tropolitains<\/li>\n<li>R\u00e9seaux locaux et \u00e9tendus (LAN et WAN)<\/li>\n<li>R\u00e9seaux de traitement des donn\u00e9es<\/li>\n<li>Mat\u00e9riel d'essai<\/li>\n<\/ul>\n<\/div>\n<\/div>\n<\/div>\n<div class=\"fusion-layout-column fusion_builder_column_inner fusion-builder-nested-column-3 fusion_builder_column_inner_1_2 1_2 fusion-one-half fusion-column-last\">\n<div class=\"fusion-column-wrapper fusion-flex-column-wrapper-legacy\">\n<div class=\"fusion-text fusion-text-3\">\n<p><strong>Caract\u00e9ristiques :<\/strong><\/p>\n<ul>\n<li>Alignement de haute pr\u00e9cision et bonne r\u00e9p\u00e9tabilit\u00e9.<\/li>\n<li>Bonne interchangeabilit\u00e9 ;<\/li>\n<li>Bonne caract\u00e9ristique de temp\u00e9rature.<\/li>\n<\/ul>\n<\/div>\n<\/div>\n<\/div>\n<\/div>\n<p>Flangeless design or more traditional with screws and flange, Stainless-steel clip depending on the model.<\/p>\n<p>Tous les fichiers techniques se trouvent ci-dessous dans la section \u201c<strong>Description<\/strong>\u201dVous devez \u00eatre connect\u00e9 pour voir le lien permettant de t\u00e9l\u00e9charger le fichier. Aller \u00e0 <span style=\"text-decoration: underline;\"><strong><a href=\"https:\/\/www.arcane-group.be\/fr\/my-account\/\">Mon compte<\/a><\/strong><\/span>\u00a0pour se connecter ou cr\u00e9er un compte.<\/p>\n<div id=\"WidgetFloaterPanels\" class=\"LTRStyle\" style=\"text-align: left; direction: ltr;\">\n<div id=\"WidgetFloater\"><\/div>\n<\/div>","protected":false},"featured_media":21971,"comment_status":"open","ping_status":"closed","template":"","meta":[],"product_brand":[],"product_cat":[241,175],"product_tag":[238,239,455,210],"class_list":{"0":"post-3347","1":"product","2":"type-product","3":"status-publish","4":"has-post-thumbnail","6":"product_cat-adapter","7":"product_cat-optical-fiber","8":"product_tag-adapter","9":"product_tag-coupler","10":"product_tag-fibre-adapter-lc-to-lc","11":"product_tag-optical-fiber","13":"first","14":"outofstock","15":"sale","16":"featured","17":"taxable","18":"shipping-taxable","19":"purchasable","20":"product-type-variable","21":"has-default-attributes"},"_links":{"self":[{"href":"https:\/\/www.arcane-group.be\/fr\/wp-json\/wp\/v2\/product\/3347","targetHints":{"allow":["GET"]}}],"collection":[{"href":"https:\/\/www.arcane-group.be\/fr\/wp-json\/wp\/v2\/product"}],"about":[{"href":"https:\/\/www.arcane-group.be\/fr\/wp-json\/wp\/v2\/types\/product"}],"replies":[{"embeddable":true,"href":"https:\/\/www.arcane-group.be\/fr\/wp-json\/wp\/v2\/comments?post=3347"}],"wp:featuredmedia":[{"embeddable":true,"href":"https:\/\/www.arcane-group.be\/fr\/wp-json\/wp\/v2\/media\/21971"}],"wp:attachment":[{"href":"https:\/\/www.arcane-group.be\/fr\/wp-json\/wp\/v2\/media?parent=3347"}],"wp:term":[{"taxonomy":"product_brand","embeddable":true,"href":"https:\/\/www.arcane-group.be\/fr\/wp-json\/wp\/v2\/product_brand?post=3347"},{"taxonomy":"product_cat","embeddable":true,"href":"https:\/\/www.arcane-group.be\/fr\/wp-json\/wp\/v2\/product_cat?post=3347"},{"taxonomy":"product_tag","embeddable":true,"href":"https:\/\/www.arcane-group.be\/fr\/wp-json\/wp\/v2\/product_tag?post=3347"}],"curies":[{"name":"wp","href":"https:\/\/api.w.org\/{rel}","templated":true}]}}