{"id":3201,"date":"2019-10-20T17:56:39","date_gmt":"2019-10-20T17:56:39","guid":{"rendered":"http:\/\/www.arcane-group.be\/?post_type=product&#038;p=3201"},"modified":"2025-12-22T17:06:45","modified_gmt":"2025-12-22T16:06:45","slug":"patchcord","status":"publish","type":"product","link":"https:\/\/www.arcane-group.be\/fr\/produit\/patchcord\/","title":{"rendered":"Cordon de raccordement CAT6A U\/FTP Ultra fin (32AWG)"},"content":{"rendered":"<ul>\n<li>Outer diameter 3,8mm (Ultra-Thin)<\/li>\n<li>32AWG or AWG32<\/li>\n<li>Pure copper<\/li>\n<li>Utilisation : WAN - LAN<\/li>\n<li>Type : U\/FTP = Unshielded Cable + Foiled Twisted Pairs<\/li>\n<li>Connecteur 1 : RJ45 8p8c m\u00e2le moul\u00e9 avec capuchon de protection et blindage<\/li>\n<li>Connecteur 2 : RJ45 8p8c m\u00e2le moul\u00e9 avec capuchon de protection et blindage<\/li>\n<li>Version : CAT6A<\/li>\n<li>Shielding: Yes, Foiled pairs<\/li>\n<li>Signal : num\u00e9rique (IP)<\/li>\n<li>Largeur de bande : Gigabit 10 - 100 - 1000 - 10.000<\/li>\n<li>Gold Plated : Yes 50 micron<\/li>\n<li>Mat\u00e9riau ext\u00e9rieur : LSZH<\/li>\n<li>Emballage : Sac PE individuel<\/li>\n<li>Certificats : RoHS<\/li>\n<li>FLUKE : R\u00e9ussite au CAT6A<\/li>\n<li>Please contact us for POE applications (POE budget is <strong>limited<\/strong>)<\/li>\n<\/ul>\nPrivate File - Access Forbidden","protected":false},"excerpt":{"rendered":"<p>C\u00e2ble r\u00e9seau ultra fin CAT6A U\/FTP. Pour connecter des appareils \u00e0 haute densit\u00e9 de bande passante :<\/p>\n<ul>\n<li>32AWG \/ AWG32<\/li>\n<li>C\u00e2blage des centres de donn\u00e9es, commutateur central, routeurs, serveurs.<\/li>\n<li>Could be also used for PC, modems&#8230;<\/li>\n<li>Peut \u00eatre utilis\u00e9 pour des applications POE avec une puissance limit\u00e9e (nous contacter)<\/li>\n<\/ul>\n<p>Gr\u00e2ce \u00e0 son petit diam\u00e8tre ext\u00e9rieur, ce cordon de raccordement est con\u00e7u pour des raccordements de haute densit\u00e9.<\/p>\n<p>Tous les fichiers techniques se trouvent ci-dessous dans la section \u201c<strong>Description<\/strong>\u201dVous devez \u00eatre connect\u00e9 pour voir le lien permettant de t\u00e9l\u00e9charger le fichier. Aller \u00e0 <a href=\"https:\/\/www.arcane-group.be\/fr\/my-account\/\">Mon compte<\/a>\u00a0pour se connecter ou cr\u00e9er un compte.<\/p>","protected":false},"featured_media":21956,"comment_status":"closed","ping_status":"closed","template":"","meta":[],"product_brand":[],"product_cat":[143],"product_tag":[362,208,194,198,196,200,193,199,197,195,203,207],"class_list":{"0":"post-3201","1":"product","2":"type-product","3":"status-publish","4":"has-post-thumbnail","6":"product_cat-cat6a","7":"product_tag-32awg","8":"product_tag-awg32","9":"product_tag-cat6a","10":"product_tag-copper","11":"product_tag-ftp","12":"product_tag-patch-cord","13":"product_tag-patchcord","14":"product_tag-rj45","15":"product_tag-stp","16":"product_tag-uftp","17":"product_tag-ultra-thin","18":"product_tag-ultra-slim","20":"first","21":"outofstock","22":"sale","23":"taxable","24":"shipping-taxable","25":"purchasable","26":"product-type-variable","27":"has-default-attributes"},"_links":{"self":[{"href":"https:\/\/www.arcane-group.be\/fr\/wp-json\/wp\/v2\/product\/3201","targetHints":{"allow":["GET"]}}],"collection":[{"href":"https:\/\/www.arcane-group.be\/fr\/wp-json\/wp\/v2\/product"}],"about":[{"href":"https:\/\/www.arcane-group.be\/fr\/wp-json\/wp\/v2\/types\/product"}],"replies":[{"embeddable":true,"href":"https:\/\/www.arcane-group.be\/fr\/wp-json\/wp\/v2\/comments?post=3201"}],"wp:featuredmedia":[{"embeddable":true,"href":"https:\/\/www.arcane-group.be\/fr\/wp-json\/wp\/v2\/media\/21956"}],"wp:attachment":[{"href":"https:\/\/www.arcane-group.be\/fr\/wp-json\/wp\/v2\/media?parent=3201"}],"wp:term":[{"taxonomy":"product_brand","embeddable":true,"href":"https:\/\/www.arcane-group.be\/fr\/wp-json\/wp\/v2\/product_brand?post=3201"},{"taxonomy":"product_cat","embeddable":true,"href":"https:\/\/www.arcane-group.be\/fr\/wp-json\/wp\/v2\/product_cat?post=3201"},{"taxonomy":"product_tag","embeddable":true,"href":"https:\/\/www.arcane-group.be\/fr\/wp-json\/wp\/v2\/product_tag?post=3201"}],"curies":[{"name":"wp","href":"https:\/\/api.w.org\/{rel}","templated":true}]}}