{"id":22863,"date":"2025-09-12T11:45:05","date_gmt":"2025-09-12T09:45:05","guid":{"rendered":"https:\/\/www.arcane-group.be\/?post_type=product&#038;p=22863"},"modified":"2026-01-23T11:06:51","modified_gmt":"2026-01-23T10:06:51","slug":"kit-cable-way-cable-mesh-acc-m8x14-flange-nut-screw","status":"publish","type":"product","link":"https:\/\/www.arcane-group.be\/fr\/produit\/kit-cable-way-cable-mesh-acc-m8x14-flange-nut-screw\/","title":{"rendered":"KIT Cable Way Cable Mesh ACC M8x14 Flange Nut &#038; Screw Kit.1556"},"content":{"rendered":"<p><b>SP\u00c9CIFICATION STANDARD<\/b><\/p>\n<ul>\n<li>Un kit = 1 boulon + un \u00e9crou<\/li>\n<li>Kit compos\u00e9 par :\n<ul>\n<li>2015860044.2701 - FIBER WAY - \u00c9CROU \u00c0 BRIDE M8<\/li>\n<li>2015860044.2740 - CANAL C - BOULON M8 (POUR \u00c9CROU \u00c0 RESSORT)<\/li>\n<\/ul>\n<\/li>\n<\/ul>\n<p><b>CANDIDATURES<\/b><\/p>\n<ul>\n<li>A utiliser dans le kit de c\u00e2blage<\/li>\n<\/ul>\nPrivate File - Access Forbidden\nPrivate File - Access Forbidden\nPrivate File - Access Forbidden","protected":false},"excerpt":{"rendered":"<p>KIT Cable Way Cable Mesh ACC M8x14 Flange Nut &amp; Screw Kit.1556 is made of :<\/p>\n<ul>\n<li>Un kit = 1 boulon + un \u00e9crou<\/li>\n<li>Kit compos\u00e9 par : 2701, 2740<\/li>\n<\/ul>\n<p>Tous les fichiers techniques se trouvent ci-dessous dans la section \u201c<strong>Description<\/strong>\u201dVous devez \u00eatre connect\u00e9 pour t\u00e9l\u00e9charger le fichier. Aller \u00e0 <a href=\"https:\/\/www.arcane-group.be\/fr\/my-account\/\">Mon compte<\/a> pour se connecter ou cr\u00e9er un compte.<\/p>\n<div id=\"WidgetFloaterPanels\" class=\"LTRStyle\" style=\"text-align: left; direction: ltr;\">\n<div id=\"WidgetFloater\"><\/div>\n<\/div>","protected":false},"featured_media":22866,"comment_status":"open","ping_status":"closed","template":"","meta":[],"product_brand":[],"product_cat":[165],"product_tag":[317,316,318],"class_list":{"0":"post-22863","1":"product","2":"type-product","3":"status-publish","4":"has-post-thumbnail","6":"product_cat-cable-management","7":"product_tag-cableway","8":"product_tag-datacenter","9":"product_tag-fibre-management","11":"first","12":"instock","13":"sale","14":"featured","15":"taxable","16":"shipping-taxable","17":"purchasable","18":"product-type-simple"},"_links":{"self":[{"href":"https:\/\/www.arcane-group.be\/fr\/wp-json\/wp\/v2\/product\/22863","targetHints":{"allow":["GET"]}}],"collection":[{"href":"https:\/\/www.arcane-group.be\/fr\/wp-json\/wp\/v2\/product"}],"about":[{"href":"https:\/\/www.arcane-group.be\/fr\/wp-json\/wp\/v2\/types\/product"}],"replies":[{"embeddable":true,"href":"https:\/\/www.arcane-group.be\/fr\/wp-json\/wp\/v2\/comments?post=22863"}],"wp:featuredmedia":[{"embeddable":true,"href":"https:\/\/www.arcane-group.be\/fr\/wp-json\/wp\/v2\/media\/22866"}],"wp:attachment":[{"href":"https:\/\/www.arcane-group.be\/fr\/wp-json\/wp\/v2\/media?parent=22863"}],"wp:term":[{"taxonomy":"product_brand","embeddable":true,"href":"https:\/\/www.arcane-group.be\/fr\/wp-json\/wp\/v2\/product_brand?post=22863"},{"taxonomy":"product_cat","embeddable":true,"href":"https:\/\/www.arcane-group.be\/fr\/wp-json\/wp\/v2\/product_cat?post=22863"},{"taxonomy":"product_tag","embeddable":true,"href":"https:\/\/www.arcane-group.be\/fr\/wp-json\/wp\/v2\/product_tag?post=22863"}],"curies":[{"name":"wp","href":"https:\/\/api.w.org\/{rel}","templated":true}]}}