{"id":22834,"date":"2025-09-11T16:10:19","date_gmt":"2025-09-11T14:10:19","guid":{"rendered":"https:\/\/www.arcane-group.be\/?post_type=product&#038;p=22834"},"modified":"2026-01-02T12:04:39","modified_gmt":"2026-01-02T11:04:39","slug":"1u-fix-shelf-heavy-duty-800mm-black","status":"publish","type":"product","link":"https:\/\/www.arcane-group.be\/fr\/produit\/1u-fix-shelf-heavy-duty-800mm-black\/","title":{"rendered":"1U Fix Shelf Heavy Duty 800mm Black"},"content":{"rendered":"<div class=\"page\" title=\"Page 1\">\n<div class=\"section\">\n<div class=\"layoutArea\">\n<div class=\"column\">\n<ul>\n<li>1U FIX SHELF HEAVY DUTY 800mm BLACK<\/li>\n<\/ul>\nPrivate File - Access Forbidden\nPrivate File - Access Forbidden\nPrivate File - Access Forbidden\n<\/div>\n<\/div>\n<\/div>\n<\/div>","protected":false},"excerpt":{"rendered":"<p>1U FIX SHELF HEAVY DUTY 800mm BLACK<\/p>\n<p>Vous devez \u00eatre connect\u00e9 pour voir le lien de t\u00e9l\u00e9chargement du fichier. Aller \u00e0 <a href=\"https:\/\/www.arcane-group.be\/fr\/my-account\/\">Mon compte<\/a>\u00a0pour se connecter ou cr\u00e9er un compte.<\/p>","protected":false},"featured_media":22835,"comment_status":"open","ping_status":"closed","template":"","meta":[],"product_brand":[],"product_cat":[140],"product_tag":[392,393,391],"class_list":{"0":"post-22834","1":"product","2":"type-product","3":"status-publish","4":"has-post-thumbnail","6":"product_cat-cabinet","7":"product_tag-cabinet","8":"product_tag-rack","9":"product_tag-shelf","11":"first","12":"instock","13":"sale","14":"taxable","15":"shipping-taxable","16":"purchasable","17":"product-type-simple"},"_links":{"self":[{"href":"https:\/\/www.arcane-group.be\/fr\/wp-json\/wp\/v2\/product\/22834","targetHints":{"allow":["GET"]}}],"collection":[{"href":"https:\/\/www.arcane-group.be\/fr\/wp-json\/wp\/v2\/product"}],"about":[{"href":"https:\/\/www.arcane-group.be\/fr\/wp-json\/wp\/v2\/types\/product"}],"replies":[{"embeddable":true,"href":"https:\/\/www.arcane-group.be\/fr\/wp-json\/wp\/v2\/comments?post=22834"}],"wp:featuredmedia":[{"embeddable":true,"href":"https:\/\/www.arcane-group.be\/fr\/wp-json\/wp\/v2\/media\/22835"}],"wp:attachment":[{"href":"https:\/\/www.arcane-group.be\/fr\/wp-json\/wp\/v2\/media?parent=22834"}],"wp:term":[{"taxonomy":"product_brand","embeddable":true,"href":"https:\/\/www.arcane-group.be\/fr\/wp-json\/wp\/v2\/product_brand?post=22834"},{"taxonomy":"product_cat","embeddable":true,"href":"https:\/\/www.arcane-group.be\/fr\/wp-json\/wp\/v2\/product_cat?post=22834"},{"taxonomy":"product_tag","embeddable":true,"href":"https:\/\/www.arcane-group.be\/fr\/wp-json\/wp\/v2\/product_tag?post=22834"}],"curies":[{"name":"wp","href":"https:\/\/api.w.org\/{rel}","templated":true}]}}