{"id":22823,"date":"2025-09-11T15:44:34","date_gmt":"2025-09-11T13:44:34","guid":{"rendered":"https:\/\/www.arcane-group.be\/?post_type=product&#038;p=22823"},"modified":"2026-01-02T12:31:43","modified_gmt":"2026-01-02T11:31:43","slug":"cable-mesh-fast-locking-connector","status":"publish","type":"product","link":"https:\/\/www.arcane-group.be\/fr\/produit\/cable-mesh-fast-locking-connector\/","title":{"rendered":"Cable Mesh - Connecteur \u00e0 verrouillage rapide"},"content":{"rendered":"<div class=\"page\" title=\"Page 4\">\n<div class=\"section\">\n<div class=\"layoutArea\">\n<div class=\"column\">\n<div class=\"page\" title=\"Page 1\">\n<div class=\"section\">\n<div class=\"layoutArea\">\n<div class=\"column\">\n<ul>\n<li>Acier galvanis\u00e9<\/li>\n<li>Absence d'ar\u00eates vives<\/li>\n<li>Rend la prise de terre inutile<\/li>\n<li>Filet \u00e0 connexion rapide (toutes hauteurs)<\/li>\n<li>Solide et rigide<\/li>\n<li>Surface lisse -&gt; chemin s\u00fbr pour le c\u00e2ble<\/li>\n<li>Syst\u00e8me de verrouillage facile par pliage de la pi\u00e8ce d'acier (seul un tournevis est n\u00e9cessaire)<\/li>\n<li>Garantie de 24 mois<\/li>\n<\/ul>\n<\/div>\n<\/div>\n<\/div>\n<\/div>\n<\/div>\n<\/div>\n<\/div>\n<\/div>\nPrivate File - Access Forbidden\nPrivate File - Access Forbidden\nPrivate File - Access Forbidden\nPrivate File - Access Forbidden","protected":false},"excerpt":{"rendered":"<div class=\"page\" title=\"Page 1\">\n<div class=\"section\">\n<div class=\"layoutArea\">\n<div class=\"column\">\n<ul>\n<li>Acier galvanis\u00e9<\/li>\n<li>Absence d'ar\u00eates vives<\/li>\n<li>Rend la prise de terre inutile<\/li>\n<li>Filet \u00e0 connexion rapide (toutes hauteurs)<\/li>\n<li>Solide et rigide<\/li>\n<li>Surface lisse -&gt; chemin s\u00fbr pour le c\u00e2ble<\/li>\n<li>Syst\u00e8me de verrouillage facile par pliage de la pi\u00e8ce d'acier (seul un tournevis est n\u00e9cessaire)<\/li>\n<li>Garantie de 24 mois<\/li>\n<\/ul>\n<p>All Technical files are below under in the section &#8220;Description&#8221;, you must be logged-in to see the link to download the file. Go to <a href=\"https:\/\/www.arcane-group.be\/fr\/my-account\/\">Mon compte<\/a>\u00a0pour se connecter ou cr\u00e9er un compte.<\/p>\n<\/div>\n<\/div>\n<\/div>\n<\/div>","protected":false},"featured_media":22829,"comment_status":"open","ping_status":"closed","template":"","meta":[],"product_brand":[],"product_cat":[165],"product_tag":[361],"class_list":{"0":"post-22823","1":"product","2":"type-product","3":"status-publish","4":"has-post-thumbnail","6":"product_cat-cable-management","7":"product_tag-cable-mesh","9":"first","10":"instock","11":"sale","12":"taxable","13":"shipping-taxable","14":"purchasable","15":"product-type-simple"},"_links":{"self":[{"href":"https:\/\/www.arcane-group.be\/fr\/wp-json\/wp\/v2\/product\/22823","targetHints":{"allow":["GET"]}}],"collection":[{"href":"https:\/\/www.arcane-group.be\/fr\/wp-json\/wp\/v2\/product"}],"about":[{"href":"https:\/\/www.arcane-group.be\/fr\/wp-json\/wp\/v2\/types\/product"}],"replies":[{"embeddable":true,"href":"https:\/\/www.arcane-group.be\/fr\/wp-json\/wp\/v2\/comments?post=22823"}],"wp:featuredmedia":[{"embeddable":true,"href":"https:\/\/www.arcane-group.be\/fr\/wp-json\/wp\/v2\/media\/22829"}],"wp:attachment":[{"href":"https:\/\/www.arcane-group.be\/fr\/wp-json\/wp\/v2\/media?parent=22823"}],"wp:term":[{"taxonomy":"product_brand","embeddable":true,"href":"https:\/\/www.arcane-group.be\/fr\/wp-json\/wp\/v2\/product_brand?post=22823"},{"taxonomy":"product_cat","embeddable":true,"href":"https:\/\/www.arcane-group.be\/fr\/wp-json\/wp\/v2\/product_cat?post=22823"},{"taxonomy":"product_tag","embeddable":true,"href":"https:\/\/www.arcane-group.be\/fr\/wp-json\/wp\/v2\/product_tag?post=22823"}],"curies":[{"name":"wp","href":"https:\/\/api.w.org\/{rel}","templated":true}]}}