{"id":22799,"date":"2025-09-11T11:14:37","date_gmt":"2025-09-11T09:14:37","guid":{"rendered":"https:\/\/www.arcane-group.be\/?post_type=product&#038;p=22799"},"modified":"2026-01-04T11:34:44","modified_gmt":"2026-01-04T10:34:44","slug":"patch-panel-1u-24-ports-lc-dx-24-lc-dx-adapter-loaded__trashed","status":"publish","type":"product","link":"https:\/\/www.arcane-group.be\/fr\/produit\/patch-panel-1u-24-ports-lc-dx-24-lc-dx-adapter-loaded__trashed\/","title":{"rendered":"Panneau de brassage 1U - 24 ports LC DX, 24 adaptateurs LC DX charg\u00e9s"},"content":{"rendered":"<div class=\"page\" title=\"Page 1\">\n<div class=\"layoutArea\">\n<div class=\"column\">\n<p>STANDARD SPECIFICATIONS<\/p>\n<ul>\n<li style=\"list-style-type: none;\">\n<ul>\n<li>Panneau de brassage 1U<\/li>\n<li>Panneau de raccordement 24 x LC-DX ou SC-SX (sur demande)<\/li>\n<li>Livr\u00e9 enti\u00e8rement charg\u00e9 avec 24 adaptateurs<\/li>\n<li>Adaptateurs : OS2 (ref 59.1472), OM3 (ref 59.4003), OM4 (ref 59.3990)<\/li>\n<li>CE et RoHS<\/li>\n<li>LSZH<\/li>\n<\/ul>\n<\/li>\n<\/ul>\n<p>APPLICATION<\/p>\n<p>Patching in IT room or in data-center<\/p>\nPrivate File - Access Forbidden\nPrivate File - Access Forbidden\nPrivate File - Access Forbidden\n<div><\/div>\n<\/div>\n<\/div>\n<\/div>","protected":false},"excerpt":{"rendered":"<ul>\n<li>Panneau de brassage 1U<\/li>\n<li>Panneau de raccordement 24 x LC-DX ou SC-SX (sur demande)<\/li>\n<li>Livr\u00e9 enti\u00e8rement charg\u00e9 avec 24 adaptateurs<\/li>\n<li>Adaptateurs : OS2 (ref 59.1472), OM3 (ref 59.4003), OM4 (ref 59.3990)<\/li>\n<\/ul>\n<p>Vous devez \u00eatre connect\u00e9 pour voir le lien de t\u00e9l\u00e9chargement du fichier. Aller \u00e0 <a href=\"https:\/\/www.arcane-group.be\/fr\/my-account\/\">Mon compte<\/a>\u00a0pour se connecter ou cr\u00e9er un compte.<\/p>","protected":false},"featured_media":23898,"comment_status":"open","ping_status":"closed","template":"","meta":[],"product_brand":[],"product_cat":[241,175],"product_tag":[454,387,386,211,453,385,353,388,312],"class_list":{"0":"post-22799","1":"product","2":"type-product","3":"status-publish","4":"has-post-thumbnail","6":"product_cat-adapter","7":"product_cat-optical-fiber","8":"product_tag-fibre","9":"product_tag-multimode","10":"product_tag-om3","11":"product_tag-om4","12":"product_tag-optical-fibre","13":"product_tag-os2","14":"product_tag-patchpanel","15":"product_tag-singlemode","16":"product_tag-splicing","18":"first","19":"instock","20":"sale","21":"taxable","22":"shipping-taxable","23":"purchasable","24":"product-type-variable"},"_links":{"self":[{"href":"https:\/\/www.arcane-group.be\/fr\/wp-json\/wp\/v2\/product\/22799","targetHints":{"allow":["GET"]}}],"collection":[{"href":"https:\/\/www.arcane-group.be\/fr\/wp-json\/wp\/v2\/product"}],"about":[{"href":"https:\/\/www.arcane-group.be\/fr\/wp-json\/wp\/v2\/types\/product"}],"replies":[{"embeddable":true,"href":"https:\/\/www.arcane-group.be\/fr\/wp-json\/wp\/v2\/comments?post=22799"}],"wp:featuredmedia":[{"embeddable":true,"href":"https:\/\/www.arcane-group.be\/fr\/wp-json\/wp\/v2\/media\/23898"}],"wp:attachment":[{"href":"https:\/\/www.arcane-group.be\/fr\/wp-json\/wp\/v2\/media?parent=22799"}],"wp:term":[{"taxonomy":"product_brand","embeddable":true,"href":"https:\/\/www.arcane-group.be\/fr\/wp-json\/wp\/v2\/product_brand?post=22799"},{"taxonomy":"product_cat","embeddable":true,"href":"https:\/\/www.arcane-group.be\/fr\/wp-json\/wp\/v2\/product_cat?post=22799"},{"taxonomy":"product_tag","embeddable":true,"href":"https:\/\/www.arcane-group.be\/fr\/wp-json\/wp\/v2\/product_tag?post=22799"}],"curies":[{"name":"wp","href":"https:\/\/api.w.org\/{rel}","templated":true}]}}