{"id":22785,"date":"2025-09-09T15:57:15","date_gmt":"2025-09-09T13:57:15","guid":{"rendered":"https:\/\/www.arcane-group.be\/?post_type=product&#038;p=22785"},"modified":"2026-01-04T12:25:10","modified_gmt":"2026-01-04T11:25:10","slug":"cable-usba-ca5e-bk-03m-angled-90","status":"publish","type":"product","link":"https:\/\/www.arcane-group.be\/fr\/produit\/cable-usba-ca5e-bk-03m-angled-90\/","title":{"rendered":"CABLE USBA BK 0,3M COUDE 90\u00b0"},"content":{"rendered":"<div class=\"page\" title=\"Page 1\">\n<div class=\"section\">\n<div class=\"layoutArea\">\n<div class=\"page\" title=\"Page 1\">\n<div class=\"section\">\n<div class=\"layoutArea\">\n<div class=\"column\">\n<p>CANDIDATURES<\/p>\n<ul>\n<li>Usage : to extend existing cable<\/li>\n<li>To avoid long straight connector and use 90 cable to reduce connection size<\/li>\n<\/ul>\n<p>SPECIFICATIONS<\/p>\n<ul>\n<li>Type: USB cable<\/li>\n<li>Prise 1 : USB-A m\u00e2le (coud\u00e9)<\/li>\n<li>Prise 2 : USB-A femelle (droit)<\/li>\n<li>Vitesse : 2.0<\/li>\n<li>Certificates : CE &amp; RoHS<\/li>\n<li>Longueur : 30cm<\/li>\n<\/ul>\n<\/div>\n<\/div>\n<\/div>\n<\/div>\n<div class=\"column\">\nPrivate File - Access Forbidden\nPrivate File - Access Forbidden\nPrivate File - Access Forbidden\n<\/div>\n<\/div>\n<\/div>\n<\/div>","protected":false},"excerpt":{"rendered":"<p>C\u00e2ble USB pour prolonger le c\u00e2ble existant<\/p>\n<ul>\n<li>Prise 1 : USB-A m\u00e2le (coud\u00e9)<\/li>\n<li>Prise 2 : USB-A femelle (droit)<\/li>\n<li>Vitesse : 2.0<\/li>\n<li>Longueur : 30cm<\/li>\n<\/ul>\n<p>Vous devez \u00eatre connect\u00e9 pour voir le lien de t\u00e9l\u00e9chargement du fichier. Aller \u00e0 <a href=\"https:\/\/www.arcane-group.be\/fr\/my-account\/\">Mon compte<\/a>\u00a0pour se connecter ou cr\u00e9er un compte.<\/p>","protected":false},"featured_media":22789,"comment_status":"open","ping_status":"closed","template":"","meta":[],"product_brand":[],"product_cat":[364],"product_tag":[198,316,366,367],"class_list":{"0":"post-22785","1":"product","2":"type-product","3":"status-publish","4":"has-post-thumbnail","6":"product_cat-power","7":"product_tag-copper","8":"product_tag-datacenter","9":"product_tag-power","10":"product_tag-power-supply","12":"first","13":"instock","14":"sale","15":"taxable","16":"shipping-taxable","17":"purchasable","18":"product-type-simple"},"_links":{"self":[{"href":"https:\/\/www.arcane-group.be\/fr\/wp-json\/wp\/v2\/product\/22785","targetHints":{"allow":["GET"]}}],"collection":[{"href":"https:\/\/www.arcane-group.be\/fr\/wp-json\/wp\/v2\/product"}],"about":[{"href":"https:\/\/www.arcane-group.be\/fr\/wp-json\/wp\/v2\/types\/product"}],"replies":[{"embeddable":true,"href":"https:\/\/www.arcane-group.be\/fr\/wp-json\/wp\/v2\/comments?post=22785"}],"wp:featuredmedia":[{"embeddable":true,"href":"https:\/\/www.arcane-group.be\/fr\/wp-json\/wp\/v2\/media\/22789"}],"wp:attachment":[{"href":"https:\/\/www.arcane-group.be\/fr\/wp-json\/wp\/v2\/media?parent=22785"}],"wp:term":[{"taxonomy":"product_brand","embeddable":true,"href":"https:\/\/www.arcane-group.be\/fr\/wp-json\/wp\/v2\/product_brand?post=22785"},{"taxonomy":"product_cat","embeddable":true,"href":"https:\/\/www.arcane-group.be\/fr\/wp-json\/wp\/v2\/product_cat?post=22785"},{"taxonomy":"product_tag","embeddable":true,"href":"https:\/\/www.arcane-group.be\/fr\/wp-json\/wp\/v2\/product_tag?post=22785"}],"curies":[{"name":"wp","href":"https:\/\/api.w.org\/{rel}","templated":true}]}}