{"id":22550,"date":"2025-09-02T14:38:44","date_gmt":"2025-09-02T12:38:44","guid":{"rendered":"https:\/\/www.arcane-group.be\/?post_type=product&#038;p=22550"},"modified":"2026-01-07T16:33:57","modified_gmt":"2026-01-07T15:33:57","slug":"kit-cw-of-acc-supporting-bracket-50mm","status":"publish","type":"product","link":"https:\/\/www.arcane-group.be\/fr\/produit\/kit-cw-of-acc-supporting-bracket-50mm\/","title":{"rendered":"Kit Cable Ways Optical Fiberway Supporting Bracket 50mm"},"content":{"rendered":"<p><b>Cable Ways Optical Fiberway Supporting Bracket 50mm<\/b><\/p>\n<p><b>SP\u00c9CIFICATION DU PRODUIT<\/b><\/p>\n<ul>\n<li>Accessoires pour syst\u00e8me de c\u00e2blage optique ou syst\u00e8me de maillage de c\u00e2bles<\/li>\n<li>Capacit\u00e9 de travail \u00e9lev\u00e9e<\/li>\n<li>Partie rigide et r\u00e9sistante en acier<\/li>\n<li>Electro-galvanis\u00e9<\/li>\n<li>Surface int\u00e9rieure lisse, sans ar\u00eate vive<\/li>\n<li>Assemblage par boulons et \u00e9crous fournis<\/li>\n<\/ul>\n<p>Garantie totale \u00e0 vie en cas d'utilisation normale<\/p>\n<p>Mat\u00e9riau : acier \u00e9lectro-galvanis\u00e9<\/p>\n<p>Taille : 400\/15\/50mm<\/p>\n<p>Un (1) kit est compos\u00e9 et fourni avec :<\/p>\n<ul>\n<li class=\"O0\">1 x BARRE \u00c0 DOUBLE TROUS (R\u00e9f.2691)<\/li>\n<li class=\"O0\">2 x Supports pour armoires ( R\u00e9f.2686)<\/li>\n<li class=\"O0\">2 x Boulon en T ( R\u00e9f.2706)<\/li>\n<li class=\"O0\">2 x \u00c9CROU EN PLASTIQUE (2707)<\/li>\n<li class=\"O0\">6 x Kit 1556 =<\/li>\n<li class=\"O1\">1 x \u00c9CROU (\u00c9CROU) M8 2701<\/li>\n<li class=\"O1\">1 x BOULON DE FIXATION (BOULON) M8 2702<\/li>\n<\/ul>\nPrivate File - Access Forbidden\nPrivate File - Access Forbidden\nPrivate File - Access Forbidden\nPrivate File - Access Forbidden\n<div id=\"WidgetFloaterPanels\" class=\"LTRStyle\" style=\"display: none; text-align: left; direction: ltr; visibility: hidden;\" translate=\"no\">\n<div id=\"WidgetFloater\" style=\"display: none;\">\n<div id=\"WidgetLogoPanel\"><span id=\"WidgetTranslateWithSpan\">Traduire avec <img id=\"FloaterLogo\" \/><\/span> <span id=\"WidgetCloseButton\" title=\"Exit Traduction\">x<\/span><\/div>\n<div id=\"LanguageMenuPanel\">\n<div class=\"DDStyle_outer\">\n<p><input id=\"LanguageMenu_svid\" style=\"display: none;\" autocomplete=\"on\" name=\"LanguageMenu_svid\" type=\"text\" value=\"en\" \/> <input id=\"LanguageMenu_textid\" style=\"display: none;\" autocomplete=\"on\" name=\"LanguageMenu_textid\" type=\"text\" \/> <span id=\"__LanguageMenu_header\" class=\"DDStyle\" tabindex=\"0\">Anglais<\/span><\/p>\n<div style=\"position: relative; text-align: left; left: 0;\">\n<div style=\"position: absolute; ;left: 0px;\">\n<div id=\"__LanguageMenu_popup\" class=\"DDStyle\" style=\"display: none;\">\n<table id=\"LanguageMenu\" border=\"0\">\n<tbody>\n<tr>\n<td><a tabindex=\"-1\" href=\"#ar\">L'arabe<\/a><\/td>\n<td><a tabindex=\"-1\" href=\"#he\">H\u00e9breu<\/a><\/td>\n<td><a tabindex=\"-1\" href=\"#pl\">Polonais<\/a><\/td>\n<\/tr>\n<tr>\n<td><a tabindex=\"-1\" href=\"#bg\">Bulgare<\/a><\/td>\n<td><a tabindex=\"-1\" href=\"#hi\">Hindi<\/a><\/td>\n<td><a tabindex=\"-1\" href=\"#pt\">Portugais<\/a><\/td>\n<\/tr>\n<tr>\n<td><a tabindex=\"-1\" href=\"#ca\">Catalan<\/a><\/td>\n<td><a tabindex=\"-1\" href=\"#mww\">Hmong Daw<\/a><\/td>\n<td><a tabindex=\"-1\" href=\"#ro\">Roumain<\/a><\/td>\n<\/tr>\n<tr>\n<td><a tabindex=\"-1\" href=\"#zh-CHS\">Chinois simplifi\u00e9<\/a><\/td>\n<td><a tabindex=\"-1\" href=\"#hu\">Hongrois<\/a><\/td>\n<td><a tabindex=\"-1\" href=\"#ru\">Russie<\/a><\/td>\n<\/tr>\n<tr>\n<td><a tabindex=\"-1\" href=\"#zh-CHT\">Chinois traditionnel<\/a><\/td>\n<td><a tabindex=\"-1\" href=\"#id\">Indon\u00e9sien<\/a><\/td>\n<td><a tabindex=\"-1\" href=\"#sk\">Slovaque<\/a><\/td>\n<\/tr>\n<tr>\n<td><a tabindex=\"-1\" href=\"#cs\">Tch\u00e8que<\/a><\/td>\n<td><a tabindex=\"-1\" href=\"#it\">Italien<\/a><\/td>\n<td><a tabindex=\"-1\" href=\"#sl\">Slov\u00e8ne<\/a><\/td>\n<\/tr>\n<tr>\n<td><a tabindex=\"-1\" href=\"#da\">Danois<\/a><\/td>\n<td><a tabindex=\"-1\" href=\"#ja\">Japonais<\/a><\/td>\n<td><a tabindex=\"-1\" href=\"#es\">Espagnol<\/a><\/td>\n<\/tr>\n<tr>\n<td><a tabindex=\"-1\" href=\"#nl\">N\u00e9erlandais<\/a><\/td>\n<td><a tabindex=\"-1\" href=\"#tlh\">Klingon<\/a><\/td>\n<td><a tabindex=\"-1\" href=\"#sv\">Su\u00e9dois<\/a><\/td>\n<\/tr>\n<tr>\n<td><a tabindex=\"-1\" href=\"#en\">Anglais<\/a><\/td>\n<td><a tabindex=\"-1\" href=\"#ko\">Cor\u00e9en<\/a><\/td>\n<td><a tabindex=\"-1\" href=\"#th\">Tha\u00eflande<\/a><\/td>\n<\/tr>\n<tr>\n<td><a tabindex=\"-1\" href=\"#et\">Estonien<\/a><\/td>\n<td><a tabindex=\"-1\" href=\"#lv\">Letton<\/a><\/td>\n<td><a tabindex=\"-1\" href=\"#tr\">Turc<\/a><\/td>\n<\/tr>\n<tr>\n<td><a tabindex=\"-1\" href=\"#fi\">Finlandais<\/a><\/td>\n<td><a tabindex=\"-1\" href=\"#lt\">Lituanien<\/a><\/td>\n<td><a tabindex=\"-1\" href=\"#uk\">Ukrainien<\/a><\/td>\n<\/tr>\n<tr>\n<td><a tabindex=\"-1\" href=\"#fr\">Fran\u00e7ais<\/a><\/td>\n<td><a tabindex=\"-1\" href=\"#ms\">Malais<\/a><\/td>\n<td><a tabindex=\"-1\" href=\"#ur\">Urdu<\/a><\/td>\n<\/tr>\n<tr>\n<td><a tabindex=\"-1\" href=\"#de\">Allemand<\/a><\/td>\n<td><a tabindex=\"-1\" href=\"#mt\">Maltais<\/a><\/td>\n<td><a tabindex=\"-1\" href=\"#vi\">Vietnamien<\/a><\/td>\n<\/tr>\n<tr>\n<td><a tabindex=\"-1\" href=\"#el\">Grecque<\/a><\/td>\n<td><a tabindex=\"-1\" href=\"#no\">Norv\u00e9gien<\/a><\/td>\n<td><a tabindex=\"-1\" href=\"#cy\">Gallois<\/a><\/td>\n<\/tr>\n<tr>\n<td><a tabindex=\"-1\" href=\"#ht\">Cr\u00e9ole ha\u00eftien<\/a><\/td>\n<td><a tabindex=\"-1\" href=\"#fa\">Persan<\/a><\/td>\n<td><\/td>\n<\/tr>\n<\/tbody>\n<\/table>\n<p><img style=\"height: 7px; width: 17px; border-width: 0px; left: 20px;\" alt=\"\" \/><\/p>\n<\/div>\n<\/div>\n<\/div>\n<\/div>\n<p><script type=\"text\/javascript\"> var LanguageMenu; var LanguageMenu_keys=[\"ar\",\"bg\",\"ca\",\"zh-CHS\",\"zh-CHT\",\"cs\",\"da\",\"nl\",\"en\",\"et\",\"fi\",\"fr\",\"de\",\"el\",\"ht\",\"he\",\"hi\",\"mww\",\"hu\",\"id\",\"it\",\"ja\",\"tlh\",\"ko\",\"lv\",\"lt\",\"ms\",\"mt\",\"no\",\"fa\",\"pl\",\"pt\",\"ro\",\"ru\",\"sk\",\"sl\",\"es\",\"sv\",\"th\",\"tr\",\"uk\",\"ur\",\"vi\",\"cy\"]; var LanguageMenu_values=[\"Arabic\",\"Bulgarian\",\"Catalan\",\"Chinese Simplified\",\"Chinese Traditional\",\"Czech\",\"Danish\",\"Dutch\",\"English\",\"Estonian\",\"Finnish\",\"French\",\"German\",\"Greek\",\"Haitian Creole\",\"Hebrew\",\"Hindi\",\"Hmong Daw\",\"Hungarian\",\"Indonesian\",\"Italian\",\"Japanese\",\"Klingon\",\"Korean\",\"Latvian\",\"Lithuanian\",\"Malay\",\"Maltese\",\"Norwegian\",\"Persian\",\"Polish\",\"Portuguese\",\"Romanian\",\"Russian\",\"Slovak\",\"Slovenian\",\"Spanish\",\"Swedish\",\"Thai\",\"Turkish\",\"Ukrainian\",\"Urdu\",\"Vietnamese\",\"Welsh\"]; var LanguageMenu_callback=function(){ }; var LanguageMenu_popupid='__LanguageMenu_popup'; <\/script>&#8220;&gt;<\/p>\n<\/div>\n<div id=\"EmbedNoticeDiv\"><span id=\"EmbedNoticeSpan\">Activez les fonctions de collaboration et personnalisez le widget : <a href=\"http:\/\/www.bing.com\/widget\/translator\" target=\"_blank\" rel=\"noopener\">Portail Bing pour les webmasters<\/a><\/span><\/div>\n<div id=\"EmbedFooterDiv\"><span id=\"EmbedBackSpan\"><a title=\"Retour \u00e0 la traduction\">Retour<\/a><\/span><\/div>\n<\/div>\n<p><script type=\"text\/javascript\"> var intervalId = setInterval(function () { if (MtPopUpList) { LanguageMenu = new MtPopUpList(); var langMenu = document.getElementById(LanguageMenu_popupid); var origLangDiv = document.createElement(\"div\"); origLangDiv.id = \"OriginalLanguageDiv\"; origLangDiv.innerHTML = \"<span id='OriginalTextSpan'>ORIGINAL: <\/span><span id='OriginalLanguageSpan'><\/span>\"; langMenu.appendChild(origLangDiv); LanguageMenu.Init('LanguageMenu', LanguageMenu_keys, LanguageMenu_values, LanguageMenu_callback, LanguageMenu_popupid); window[\"LanguageMenu\"] = LanguageMenu; clearInterval(intervalId); } }, 1); <\/script><\/p>\n<\/div>","protected":false},"excerpt":{"rendered":"<p>Cable Ways Optical Fiberway Supporting Bracket 50mm:<\/p>\n<ul>\n<li>Accessoires pour syst\u00e8me de c\u00e2blage optique ou syst\u00e8me de maillage de c\u00e2bles<\/li>\n<li>Capacit\u00e9 de travail \u00e9lev\u00e9e<\/li>\n<li>400 x 15 x 50mm<\/li>\n<li>Peut supporter 120, 240 et 360mm Fiberway<\/li>\n<\/ul>\n<p>Tous les fichiers techniques se trouvent ci-dessous dans la section \u201c<strong>Description<\/strong>\u201dVous devez \u00eatre connect\u00e9 pour voir le lien permettant de t\u00e9l\u00e9charger le fichier. Aller \u00e0 <span style=\"text-decoration: underline;\"><strong><a href=\"https:\/\/www.arcane-group.be\/fr\/my-account\/\">Mon compte<\/a><\/strong><\/span> pour se connecter ou cr\u00e9er un compte.<\/p>\n<div id=\"WidgetFloaterPanels\" class=\"LTRStyle\" style=\"text-align: left; direction: ltr;\">\n<div id=\"WidgetFloater\"><\/div>\n<\/div>","protected":false},"featured_media":22556,"comment_status":"open","ping_status":"closed","template":"","meta":[],"product_brand":[],"product_cat":[139],"product_tag":[317,316,318],"class_list":{"0":"post-22550","1":"product","2":"type-product","3":"status-publish","4":"has-post-thumbnail","6":"product_cat-fiber-optic-cable-way","7":"product_tag-cableway","8":"product_tag-datacenter","9":"product_tag-fibre-management","11":"first","12":"instock","13":"sale","14":"taxable","15":"shipping-taxable","16":"purchasable","17":"product-type-simple"},"_links":{"self":[{"href":"https:\/\/www.arcane-group.be\/fr\/wp-json\/wp\/v2\/product\/22550","targetHints":{"allow":["GET"]}}],"collection":[{"href":"https:\/\/www.arcane-group.be\/fr\/wp-json\/wp\/v2\/product"}],"about":[{"href":"https:\/\/www.arcane-group.be\/fr\/wp-json\/wp\/v2\/types\/product"}],"replies":[{"embeddable":true,"href":"https:\/\/www.arcane-group.be\/fr\/wp-json\/wp\/v2\/comments?post=22550"}],"wp:featuredmedia":[{"embeddable":true,"href":"https:\/\/www.arcane-group.be\/fr\/wp-json\/wp\/v2\/media\/22556"}],"wp:attachment":[{"href":"https:\/\/www.arcane-group.be\/fr\/wp-json\/wp\/v2\/media?parent=22550"}],"wp:term":[{"taxonomy":"product_brand","embeddable":true,"href":"https:\/\/www.arcane-group.be\/fr\/wp-json\/wp\/v2\/product_brand?post=22550"},{"taxonomy":"product_cat","embeddable":true,"href":"https:\/\/www.arcane-group.be\/fr\/wp-json\/wp\/v2\/product_cat?post=22550"},{"taxonomy":"product_tag","embeddable":true,"href":"https:\/\/www.arcane-group.be\/fr\/wp-json\/wp\/v2\/product_tag?post=22550"}],"curies":[{"name":"wp","href":"https:\/\/api.w.org\/{rel}","templated":true}]}}