{"id":22317,"date":"2022-10-11T23:08:08","date_gmt":"2022-10-11T21:08:08","guid":{"rendered":"https:\/\/www.arcane-group.be\/?post_type=product&#038;p=22317"},"modified":"2026-01-20T11:29:27","modified_gmt":"2026-01-20T10:29:27","slug":"lc-lc-om4-launch-cable-150-hardened-box-2","status":"publish","type":"product","link":"https:\/\/www.arcane-group.be\/fr\/produit\/lc-lc-om4-launch-cable-150-hardened-box-2\/","title":{"rendered":"LC\/SC OM4 Launch Cable 150m hardened box"},"content":{"rendered":"<p>LC\/SC OM4 Launch Cable 150m hardened box :<\/p>\n<ul>\n<li>OM4<\/li>\n<li>LC \/ SC<\/li>\n<li>C\u00e2ble de lancement<\/li>\n<li>150m<\/li>\n<\/ul>\n<p>Le c\u00e2ble LC\/SC OM4 LAUNCH CABLE est toujours n\u00e9cessaire pour connecter d'un c\u00f4t\u00e9 l'OTDR et de l'autre la liaison \u00e0 tester.<\/p>\n<p>Selon les besoins, un c\u00e2ble de lancement est \u00e9galement n\u00e9cessaire \u00e0 l'extr\u00e9mit\u00e9 de la liaison test\u00e9e (la sortie).<\/p>\n<p>Il est disponible en petit format comme sur la photo ou en bo\u00eete jaune de plus grande taille. Voir nos autres produits.<\/p>\n<p>Le c\u00e2ble de lancement est n\u00e9cessaire pour surmonter l'angle mort ou la zone morte de l'OTDR.<\/p>\nPrivate File - Access Forbidden\nPrivate File - Access Forbidden\nPrivate File - Access Forbidden","protected":false},"excerpt":{"rendered":"<ul>\n<li>C\u00e2ble de lancement LC\/SC OM4<\/li>\n<li>LC \/ SC<\/li>\n<li>C\u00e2ble de lancement<\/li>\n<li>150m<\/li>\n<\/ul>\n<p>Tous les fichiers techniques se trouvent ci-dessous dans la section \u201c<strong>Description<\/strong>\u201dVous devez \u00eatre connect\u00e9 pour voir le lien permettant de t\u00e9l\u00e9charger le fichier. Aller \u00e0 <span style=\"text-decoration: underline;\"><strong><a href=\"https:\/\/www.arcane-group.be\/fr\/my-account\/\">Mon compte<\/a><\/strong><\/span>\u00a0pour se connecter ou cr\u00e9er un compte.<\/p>","protected":false},"featured_media":22323,"comment_status":"open","ping_status":"closed","template":"","meta":[],"product_brand":[],"product_cat":[302,175,282],"product_tag":[371,303,306,211,210,305,370,369,283],"class_list":{"0":"post-22317","1":"product","2":"type-product","3":"status-publish","4":"has-post-thumbnail","6":"product_cat-launch-cable","7":"product_cat-optical-fiber","8":"product_cat-tools","9":"product_tag-launch","10":"product_tag-launch-cable","11":"product_tag-measures","12":"product_tag-om4","13":"product_tag-optical-fiber","14":"product_tag-otdr","15":"product_tag-spool","16":"product_tag-spool-cabe","17":"product_tag-tools","19":"first","20":"instock","21":"sale","22":"featured","23":"taxable","24":"shipping-taxable","25":"purchasable","26":"product-type-simple"},"_links":{"self":[{"href":"https:\/\/www.arcane-group.be\/fr\/wp-json\/wp\/v2\/product\/22317","targetHints":{"allow":["GET"]}}],"collection":[{"href":"https:\/\/www.arcane-group.be\/fr\/wp-json\/wp\/v2\/product"}],"about":[{"href":"https:\/\/www.arcane-group.be\/fr\/wp-json\/wp\/v2\/types\/product"}],"replies":[{"embeddable":true,"href":"https:\/\/www.arcane-group.be\/fr\/wp-json\/wp\/v2\/comments?post=22317"}],"wp:featuredmedia":[{"embeddable":true,"href":"https:\/\/www.arcane-group.be\/fr\/wp-json\/wp\/v2\/media\/22323"}],"wp:attachment":[{"href":"https:\/\/www.arcane-group.be\/fr\/wp-json\/wp\/v2\/media?parent=22317"}],"wp:term":[{"taxonomy":"product_brand","embeddable":true,"href":"https:\/\/www.arcane-group.be\/fr\/wp-json\/wp\/v2\/product_brand?post=22317"},{"taxonomy":"product_cat","embeddable":true,"href":"https:\/\/www.arcane-group.be\/fr\/wp-json\/wp\/v2\/product_cat?post=22317"},{"taxonomy":"product_tag","embeddable":true,"href":"https:\/\/www.arcane-group.be\/fr\/wp-json\/wp\/v2\/product_tag?post=22317"}],"curies":[{"name":"wp","href":"https:\/\/api.w.org\/{rel}","templated":true}]}}