{"id":22065,"date":"2022-05-09T00:05:59","date_gmt":"2022-05-08T21:05:59","guid":{"rendered":"https:\/\/www.arcane-group.be\/?post_type=product&#038;p=22065"},"modified":"2026-01-23T11:04:16","modified_gmt":"2026-01-23T10:04:16","slug":"blank-panel-1u-clip-black","status":"publish","type":"product","link":"https:\/\/www.arcane-group.be\/fr\/produit\/blank-panel-1u-clip-black\/","title":{"rendered":"Blank Panel 1U Clip Metal Black Toolless Clip"},"content":{"rendered":"<div class=\"page\" title=\"Page 1\">\n<div class=\"section\">\n<div class=\"layoutArea\">\n<div class=\"column\">\n<p>Blank Panel 1U Clip:<\/p>\n<ul>\n<li>CE et RoHS<\/li>\n<li>UL94V0<\/li>\n<li>RAL9005<\/li>\n<li>Warranty 24 months<\/li>\n<\/ul>\nPrivate File - Access Forbidden\nPrivate File - Access Forbidden\nPrivate File - Access Forbidden\n<\/div>\n<\/div>\n<\/div>\n<\/div>","protected":false},"excerpt":{"rendered":"<p>Blank Panel 1U Clip<\/p>\n<ul>\n<li>Panneau vierge 1U<\/li>\n<li>for 19&#8221; rack<\/li>\n<li>For perfect air sealing inside rack19&#8243;<\/li>\n<li>2 clips pour une installation facile sans outil, ni \u00e9crou cage<\/li>\n<li>Noir<\/li>\n<li>Pas d'ar\u00eates vives<\/li>\n<li>Parfaite \u00e9tanch\u00e9it\u00e9 \u00e0 l'air pour les couloirs froids<\/li>\n<\/ul>\n<p>Tous les fichiers techniques se trouvent ci-dessous dans la section \u201c<strong>Description<\/strong>\u201dVous devez \u00eatre connect\u00e9 pour voir le lien permettant de t\u00e9l\u00e9charger le fichier. Aller \u00e0 <strong><a href=\"https:\/\/www.arcane-group.be\/fr\/my-account\/\">Mon compte<\/a>\u00a0<\/strong>pour se connecter ou cr\u00e9er un compte.<\/p>","protected":false},"featured_media":22066,"comment_status":"open","ping_status":"closed","template":"","meta":[],"product_brand":[],"product_cat":[140,141],"product_tag":[],"class_list":{"0":"post-22065","1":"product","2":"type-product","3":"status-publish","4":"has-post-thumbnail","6":"product_cat-cabinet","7":"product_cat-cold-corridor","9":"first","10":"onbackorder","11":"sale","12":"taxable","13":"shipping-taxable","14":"purchasable","15":"product-type-simple"},"_links":{"self":[{"href":"https:\/\/www.arcane-group.be\/fr\/wp-json\/wp\/v2\/product\/22065","targetHints":{"allow":["GET"]}}],"collection":[{"href":"https:\/\/www.arcane-group.be\/fr\/wp-json\/wp\/v2\/product"}],"about":[{"href":"https:\/\/www.arcane-group.be\/fr\/wp-json\/wp\/v2\/types\/product"}],"replies":[{"embeddable":true,"href":"https:\/\/www.arcane-group.be\/fr\/wp-json\/wp\/v2\/comments?post=22065"}],"wp:featuredmedia":[{"embeddable":true,"href":"https:\/\/www.arcane-group.be\/fr\/wp-json\/wp\/v2\/media\/22066"}],"wp:attachment":[{"href":"https:\/\/www.arcane-group.be\/fr\/wp-json\/wp\/v2\/media?parent=22065"}],"wp:term":[{"taxonomy":"product_brand","embeddable":true,"href":"https:\/\/www.arcane-group.be\/fr\/wp-json\/wp\/v2\/product_brand?post=22065"},{"taxonomy":"product_cat","embeddable":true,"href":"https:\/\/www.arcane-group.be\/fr\/wp-json\/wp\/v2\/product_cat?post=22065"},{"taxonomy":"product_tag","embeddable":true,"href":"https:\/\/www.arcane-group.be\/fr\/wp-json\/wp\/v2\/product_tag?post=22065"}],"curies":[{"name":"wp","href":"https:\/\/api.w.org\/{rel}","templated":true}]}}