{"id":22060,"date":"2022-05-08T23:37:18","date_gmt":"2022-05-08T20:37:18","guid":{"rendered":"https:\/\/www.arcane-group.be\/?post_type=product&#038;p=22060"},"modified":"2026-01-23T11:05:54","modified_gmt":"2026-01-23T10:05:54","slug":"fiberway-240mm-trumpet-exit-kit","status":"publish","type":"product","link":"https:\/\/www.arcane-group.be\/fr\/produit\/fiberway-240mm-trumpet-exit-kit\/","title":{"rendered":"Kit de sortie de trompette Fiberway 240mm"},"content":{"rendered":"<p>Arcane Fiber management system is easy to use, install and maintain.<\/p>\n<p>It provides the perfect protection for critical fiber routing<\/p>\n<p>Our cableways are compatible with all existing installations and other market brands through our dedicated adaptation part (from 120mm to 4\u2033 for example). To be sure you choose the right adaptation part, please contact us before ordering.<\/p>\n<p><b>SP\u00c9CIFICATION DU PRODUIT<\/b><\/p>\n<ul>\n<li>High performance and cost-effective<\/li>\n<li>High load authorized<\/li>\n<li>Default color is Yellow. \u00a0Orange is possible without price variation.<\/li>\n<li>Other color possible on demand<\/li>\n<li>CE et RoHS<\/li>\n<li>UL94 V0<\/li>\n<li>ISO\/IEC 11801-5, EN 50173-5 ou EN 50600-2-4<\/li>\n<li>EN 50173-5; ISO\/IEC 24764<\/li>\n<li>Extended warranty if installed by certified partner<\/li>\n<\/ul>\nPrivate File - Access Forbidden","protected":false},"excerpt":{"rendered":"<div class=\"page\" title=\"Page 1\">\n<div class=\"section\">\n<div class=\"layoutArea\">\n<div class=\"column\">\n<p>Chemin de c\u00e2ble en fibre optique<\/p>\n<ul>\n<li>Kit de sortie de trompette 240mm<\/li>\n<li>pour sortir correctement du c\u00e2ble droit<\/li>\n<li>Jaune comme couleur par d\u00e9faut<\/li>\n<li>RoHS, UL94V0<\/li>\n<li>Largeur : 60mm, 120mm, 240mm<\/li>\n<\/ul>\n<p>Tous les fichiers techniques se trouvent ci-dessous dans la section \u201c<strong>Description<\/strong>\u201dVous devez \u00eatre connect\u00e9 pour voir le lien permettant de t\u00e9l\u00e9charger le fichier. Aller \u00e0 <span style=\"text-decoration: underline;\"><strong><a href=\"https:\/\/www.arcane-group.be\/fr\/my-account\/\">Mon compte<\/a><\/strong><\/span> pour se connecter ou cr\u00e9er un compte.<\/p>\n<\/div>\n<\/div>\n<\/div>\n<\/div>","protected":false},"featured_media":22270,"comment_status":"open","ping_status":"closed","template":"","meta":[],"product_brand":[],"product_cat":[139],"product_tag":[317,316,318],"class_list":{"0":"post-22060","1":"product","2":"type-product","3":"status-publish","4":"has-post-thumbnail","6":"product_cat-fiber-optic-cable-way","7":"product_tag-cableway","8":"product_tag-datacenter","9":"product_tag-fibre-management","11":"first","12":"onbackorder","13":"sale","14":"taxable","15":"shipping-taxable","16":"purchasable","17":"product-type-simple"},"_links":{"self":[{"href":"https:\/\/www.arcane-group.be\/fr\/wp-json\/wp\/v2\/product\/22060","targetHints":{"allow":["GET"]}}],"collection":[{"href":"https:\/\/www.arcane-group.be\/fr\/wp-json\/wp\/v2\/product"}],"about":[{"href":"https:\/\/www.arcane-group.be\/fr\/wp-json\/wp\/v2\/types\/product"}],"replies":[{"embeddable":true,"href":"https:\/\/www.arcane-group.be\/fr\/wp-json\/wp\/v2\/comments?post=22060"}],"wp:featuredmedia":[{"embeddable":true,"href":"https:\/\/www.arcane-group.be\/fr\/wp-json\/wp\/v2\/media\/22270"}],"wp:attachment":[{"href":"https:\/\/www.arcane-group.be\/fr\/wp-json\/wp\/v2\/media?parent=22060"}],"wp:term":[{"taxonomy":"product_brand","embeddable":true,"href":"https:\/\/www.arcane-group.be\/fr\/wp-json\/wp\/v2\/product_brand?post=22060"},{"taxonomy":"product_cat","embeddable":true,"href":"https:\/\/www.arcane-group.be\/fr\/wp-json\/wp\/v2\/product_cat?post=22060"},{"taxonomy":"product_tag","embeddable":true,"href":"https:\/\/www.arcane-group.be\/fr\/wp-json\/wp\/v2\/product_tag?post=22060"}],"curies":[{"name":"wp","href":"https:\/\/api.w.org\/{rel}","templated":true}]}}