{"id":22054,"date":"2022-05-08T20:55:58","date_gmt":"2022-05-08T17:55:58","guid":{"rendered":"https:\/\/www.arcane-group.be\/?post_type=product&#038;p=22054"},"modified":"2026-01-23T11:39:30","modified_gmt":"2026-01-23T10:39:30","slug":"cable-manager-horizontal-1u-5ring-metal-black","status":"publish","type":"product","link":"https:\/\/www.arcane-group.be\/fr\/produit\/cable-manager-horizontal-1u-5ring-metal-black\/","title":{"rendered":"Cable Manager Horizontal 1U 5Ring Metal"},"content":{"rendered":"<div class=\"page\" title=\"Page 1\">\n<div class=\"section\">\n<div class=\"layoutArea\">\n<div class=\"column\">\n<p>Cable Manager Horizontal 1U 5Ring Metal:<\/p>\n<ul>\n<li>Small gap for easy inter cables (LAN and Optical Fibers)<\/li>\n<li>EN 50173-5; ISO\/IEC 24764<\/li>\n<li>ISO\/IEC 11801-5, EN 50173-5 ou EN 50600-2-4<\/li>\n<li>CE et RoHS<\/li>\n<li>UL94V0<\/li>\n<li>RAL9005<\/li>\n<li>Warranty 24 months<\/li>\n<\/ul>\nPrivate File - Access Forbidden\nPrivate File - Access Forbidden\nPrivate File - Access Forbidden\n<\/div>\n<\/div>\n<\/div>\n<\/div>","protected":false},"excerpt":{"rendered":"<p>Cable Manager Horizontal 1U 5Ring Metal<\/p>\n<ul>\n<li>For perfect cable management inside rack19&#8243;<\/li>\n<li>5 anneaux<\/li>\n<li>Convient pour les r\u00e9seaux locaux et les fibres<\/li>\n<li>Noir<\/li>\n<li>Pas d'ar\u00eates vives<\/li>\n<li>Arr\u00eat d'air parfait pour le couloir froid<\/li>\n<\/ul>\n<p>Tous les fichiers techniques se trouvent ci-dessous dans la section \u201c<strong>Description<\/strong>\u201dVous devez \u00eatre connect\u00e9 pour voir le lien permettant de t\u00e9l\u00e9charger le fichier. Aller \u00e0 <span style=\"text-decoration: underline;\"><strong><a href=\"https:\/\/www.arcane-group.be\/fr\/my-account\/\">Mon compte<\/a><\/strong><\/span>\u00a0pour se connecter ou cr\u00e9er un compte.<\/p>","protected":false},"featured_media":22056,"comment_status":"open","ping_status":"closed","template":"","meta":[],"product_brand":[],"product_cat":[140,165,141],"product_tag":[],"class_list":{"0":"post-22054","1":"product","2":"type-product","3":"status-publish","4":"has-post-thumbnail","6":"product_cat-cabinet","7":"product_cat-cable-management","8":"product_cat-cold-corridor","10":"first","11":"instock","12":"sale","13":"taxable","14":"shipping-taxable","15":"purchasable","16":"product-type-simple"},"_links":{"self":[{"href":"https:\/\/www.arcane-group.be\/fr\/wp-json\/wp\/v2\/product\/22054","targetHints":{"allow":["GET"]}}],"collection":[{"href":"https:\/\/www.arcane-group.be\/fr\/wp-json\/wp\/v2\/product"}],"about":[{"href":"https:\/\/www.arcane-group.be\/fr\/wp-json\/wp\/v2\/types\/product"}],"replies":[{"embeddable":true,"href":"https:\/\/www.arcane-group.be\/fr\/wp-json\/wp\/v2\/comments?post=22054"}],"wp:featuredmedia":[{"embeddable":true,"href":"https:\/\/www.arcane-group.be\/fr\/wp-json\/wp\/v2\/media\/22056"}],"wp:attachment":[{"href":"https:\/\/www.arcane-group.be\/fr\/wp-json\/wp\/v2\/media?parent=22054"}],"wp:term":[{"taxonomy":"product_brand","embeddable":true,"href":"https:\/\/www.arcane-group.be\/fr\/wp-json\/wp\/v2\/product_brand?post=22054"},{"taxonomy":"product_cat","embeddable":true,"href":"https:\/\/www.arcane-group.be\/fr\/wp-json\/wp\/v2\/product_cat?post=22054"},{"taxonomy":"product_tag","embeddable":true,"href":"https:\/\/www.arcane-group.be\/fr\/wp-json\/wp\/v2\/product_tag?post=22054"}],"curies":[{"name":"wp","href":"https:\/\/api.w.org\/{rel}","templated":true}]}}