{"id":21859,"date":"2022-04-30T23:31:03","date_gmt":"2022-04-30T20:31:03","guid":{"rendered":"https:\/\/www.arcane-group.be\/?post_type=product&#038;p=21859"},"modified":"2025-12-22T14:14:05","modified_gmt":"2025-12-22T13:14:05","slug":"cable-mesh-eg-straight-u-30mm-height-o-4mm","status":"publish","type":"product","link":"https:\/\/www.arcane-group.be\/fr\/produit\/cable-mesh-eg-straight-u-30mm-height-o-4mm\/","title":{"rendered":"Treillis EG droite en U - 30mm de hauteur - \u00d8 4mm"},"content":{"rendered":"<div class=\"page\" title=\"Page 4\">\n<div class=\"section\">\n<div class=\"layoutArea\">\n<div class=\"column\">\n<p>Ce treillis m\u00e9tallique de type ouvert de deuxi\u00e8me g\u00e9n\u00e9ration est largement utilis\u00e9 \u00e0 l'int\u00e9rieur et \u00e0 l'ext\u00e9rieur pour l'installation de c\u00e2bles dans diff\u00e9rentes maisons de t\u00e9l\u00e9communications, unit\u00e9s \u00e9lectriques et projets d'ing\u00e9nierie.<\/p>\n<div class=\"page\" title=\"Page 4\">\n<div class=\"section\">\n<div class=\"layoutArea\">\n<div class=\"column\">\n<ul>\n<li>Installation facile et \u00e9conomie de main-d'\u0153uvre<\/li>\n<li>Fabrication sur place<\/li>\n<li>Excellente ventilation<\/li>\n<li>Une r\u00e9sistance maximale pour un poids minimal<\/li>\n<li>R\u00e9duire la r\u00e9tention de poussi\u00e8re et am\u00e9liorer l'hygi\u00e8ne de l'environnement de travail<\/li>\n<li>H30 and \u00d8 <span style=\"text-decoration: underline;\"><strong>6<\/strong><\/span>mm, for heavy duty workload possible on demand<\/li>\n<\/ul>\n<\/div>\n<\/div>\n<\/div>\n<\/div>\n<p><span style=\"text-decoration: underline;\"><strong>Mat\u00e9riau<\/strong><\/span>:<\/p>\n<ul>\n<li>carbon steel (Q235B)<\/li>\n<li>stainless steel ( 304 \/ 316L )<\/li>\n<\/ul>\n<p><span style=\"text-decoration: underline;\"><strong>Rev\u00eatements de surface multiples :<\/strong><\/span><\/p>\n<ul>\n<li>3 finitions pour l'acier au carbone :\n<ul>\n<li>Electro-zinc (EZ) pour utilisation \u00e0 l'int\u00e9rieur<\/li>\n<li>galvanis\u00e9 \u00e0 chaud (HDG) pour usage ext\u00e9rieur<\/li>\n<li>rev\u00eatement en poudre (PC) (couleurs selon le client)<\/li>\n<\/ul>\n<\/li>\n<li>Lavage acide puis polissage pour l'acier inoxydable<\/li>\n<\/ul>\n<p><span style=\"font-size: 16px;\">Syst\u00e8me de treillis m\u00e9tallique con\u00e7u pour l'acheminement des c\u00e2bles LAN, POWER et ALARME<\/span><\/p>\n<\/div>\n<\/div>\n<\/div>\n<\/div>\n<p>Con\u00e7u pour les centres de donn\u00e9es, les salles informatiques et les environnements industriels<\/p>\n<p>Conforme aux normes CE et RoHS<\/p>\n<p>Maille standard de 50 mm x 100 mm pour un ajustement facile de la longueur et une compatibilit\u00e9 avec d'autres marques.<\/p>\n<p>Autres formes, sections, hauteurs et couleurs disponibles<\/p>\n<p><span style=\"font-size: 16px;\">La longueur d'une maille est de 100 mm<\/span><\/p>\n<p><span style=\"font-size: 16px;\">La largeur d'une maille est de 50 mm<\/span><\/p>\n<div>Private File - Access Forbidden<\/div>\n<div>Private File - Access Forbidden<\/div>","protected":false},"excerpt":{"rendered":"<p><span style=\"text-decoration: underline\"><strong>U<\/strong><\/span> forme,\u00a0<span style=\"text-decoration: underline\"><strong>Droit<\/strong><\/span> Section, une section est de 3 m\u00e8tres <strong>H<\/strong>huit est <strong>30 mm<\/strong> et\u00a0<strong>Diam<\/strong>eur de fil est <strong>4mm<\/strong> Tracer un chemin droit<\/p>\n<div>Peut \u00eatre coup\u00e9 manuellement pour obtenir des longueurs et des angles diff\u00e9rents<\/div>\n<div>\u00a0<\/div>\n<div>Tous les fichiers techniques se trouvent ci-dessous dans la section \u201c<strong>Description<\/strong>\u201dVous devez \u00eatre connect\u00e9 pour voir le lien permettant de t\u00e9l\u00e9charger le fichier. Aller \u00e0 <a href=\"https:\/\/www.arcane-group.be\/fr\/my-account\/\">Mon compte<\/a>\u00a0pour se connecter ou cr\u00e9er un compte.<\/div>\n<div>\n<div>\u00a0<\/div>\n<\/div>","protected":false},"featured_media":22128,"comment_status":"open","ping_status":"closed","template":"","meta":[],"product_brand":[],"product_cat":[165],"product_tag":[361],"class_list":{"0":"post-21859","1":"product","2":"type-product","3":"status-publish","4":"has-post-thumbnail","6":"product_cat-cable-management","7":"product_tag-cable-mesh","9":"first","10":"onbackorder","11":"taxable","12":"shipping-taxable","13":"purchasable","14":"product-type-variable","15":"has-default-attributes"},"_links":{"self":[{"href":"https:\/\/www.arcane-group.be\/fr\/wp-json\/wp\/v2\/product\/21859","targetHints":{"allow":["GET"]}}],"collection":[{"href":"https:\/\/www.arcane-group.be\/fr\/wp-json\/wp\/v2\/product"}],"about":[{"href":"https:\/\/www.arcane-group.be\/fr\/wp-json\/wp\/v2\/types\/product"}],"replies":[{"embeddable":true,"href":"https:\/\/www.arcane-group.be\/fr\/wp-json\/wp\/v2\/comments?post=21859"}],"wp:featuredmedia":[{"embeddable":true,"href":"https:\/\/www.arcane-group.be\/fr\/wp-json\/wp\/v2\/media\/22128"}],"wp:attachment":[{"href":"https:\/\/www.arcane-group.be\/fr\/wp-json\/wp\/v2\/media?parent=21859"}],"wp:term":[{"taxonomy":"product_brand","embeddable":true,"href":"https:\/\/www.arcane-group.be\/fr\/wp-json\/wp\/v2\/product_brand?post=21859"},{"taxonomy":"product_cat","embeddable":true,"href":"https:\/\/www.arcane-group.be\/fr\/wp-json\/wp\/v2\/product_cat?post=21859"},{"taxonomy":"product_tag","embeddable":true,"href":"https:\/\/www.arcane-group.be\/fr\/wp-json\/wp\/v2\/product_tag?post=21859"}],"curies":[{"name":"wp","href":"https:\/\/api.w.org\/{rel}","templated":true}]}}