{"id":21808,"date":"2022-04-30T10:57:13","date_gmt":"2022-04-30T07:57:13","guid":{"rendered":"https:\/\/www.arcane-group.be\/?post_type=product&#038;p=21808"},"modified":"2026-01-20T13:45:00","modified_gmt":"2026-01-20T12:45:00","slug":"rj45-connector-cover-od75mm","status":"publish","type":"product","link":"https:\/\/www.arcane-group.be\/fr\/produit\/rj45-connector-cover-od75mm\/","title":{"rendered":"Couvercle du connecteur RJ45 (OD7,5mm)"},"content":{"rendered":"<p>Respecter les normes suivantes :<\/p>\n<ul>\n<li>ANSI\/TIA-568.2-D<\/li>\n<li>ISO\/IEC 11801<\/li>\n<li>ANSI\/TIA-1096-A (FCC partie 68)<\/li>\n<li>UL1863<\/li>\n<li>IEC 60603-7<\/li>\n<li>RoHS<\/li>\n<\/ul>","protected":false},"excerpt":{"rendered":"<p>Capuchon pour connecteur RJ45 Le produit par d\u00e9faut est OD7,5mm Autres diam\u00e8tres disponibles : 8.5\/8.0\/7.5\/7.0\/6.5mm 100pc par paquet \/ sac<\/p>\n<p>Tous les fichiers techniques se trouvent ci-dessous dans la section \u201c<strong>Description<\/strong>\u201dVous devez \u00eatre connect\u00e9 pour voir le lien permettant de t\u00e9l\u00e9charger le fichier. Aller \u00e0 <span style=\"text-decoration: underline;\"><strong><a href=\"https:\/\/www.arcane-group.be\/fr\/my-account\/\">Mon compte<\/a><\/strong><\/span>\u00a0pour se connecter ou cr\u00e9er un compte.<\/p>","protected":false},"featured_media":21810,"comment_status":"open","ping_status":"closed","template":"","meta":[],"product_brand":[],"product_cat":[131],"product_tag":[335,199],"class_list":{"0":"post-21808","1":"product","2":"type-product","3":"status-publish","4":"has-post-thumbnail","6":"product_cat-copper","7":"product_tag-connector","8":"product_tag-rj45","10":"first","11":"instock","12":"sale","13":"taxable","14":"shipping-taxable","15":"purchasable","16":"product-type-simple"},"_links":{"self":[{"href":"https:\/\/www.arcane-group.be\/fr\/wp-json\/wp\/v2\/product\/21808","targetHints":{"allow":["GET"]}}],"collection":[{"href":"https:\/\/www.arcane-group.be\/fr\/wp-json\/wp\/v2\/product"}],"about":[{"href":"https:\/\/www.arcane-group.be\/fr\/wp-json\/wp\/v2\/types\/product"}],"replies":[{"embeddable":true,"href":"https:\/\/www.arcane-group.be\/fr\/wp-json\/wp\/v2\/comments?post=21808"}],"wp:featuredmedia":[{"embeddable":true,"href":"https:\/\/www.arcane-group.be\/fr\/wp-json\/wp\/v2\/media\/21810"}],"wp:attachment":[{"href":"https:\/\/www.arcane-group.be\/fr\/wp-json\/wp\/v2\/media?parent=21808"}],"wp:term":[{"taxonomy":"product_brand","embeddable":true,"href":"https:\/\/www.arcane-group.be\/fr\/wp-json\/wp\/v2\/product_brand?post=21808"},{"taxonomy":"product_cat","embeddable":true,"href":"https:\/\/www.arcane-group.be\/fr\/wp-json\/wp\/v2\/product_cat?post=21808"},{"taxonomy":"product_tag","embeddable":true,"href":"https:\/\/www.arcane-group.be\/fr\/wp-json\/wp\/v2\/product_tag?post=21808"}],"curies":[{"name":"wp","href":"https:\/\/api.w.org\/{rel}","templated":true}]}}