{"id":21765,"date":"2022-04-29T17:31:19","date_gmt":"2022-04-29T14:31:19","guid":{"rendered":"https:\/\/www.arcane-group.be\/?post_type=product&#038;p=21765"},"modified":"2026-01-20T13:42:49","modified_gmt":"2026-01-20T12:42:49","slug":"cle-cleaning-box-t","status":"publish","type":"product","link":"https:\/\/www.arcane-group.be\/fr\/produit\/cle-cleaning-box-t\/","title":{"rendered":"Bo\u00eete de nettoyage CLE T"},"content":{"rendered":"<p>Plus de 600 nettoyages<\/p>\n<p>Tr\u00e8s efficace m\u00eame sur une surface tr\u00e8s sale<\/p>\n<p>La technique Wet-Dry est facile \u00e0 utiliser<\/p>\n<p>La cassette de nettoyage int\u00e9rieure peut \u00eatre remplac\u00e9e<\/p>\n<p>C'est l'accessoire indispensable pour maintenir et garantir la bonne qualit\u00e9 de la connexion optique.<\/p>\n<p>Il s'agit de la meilleure m\u00e9thode de nettoyage sans alcool pour diverses terminaisons de fibres optiques, \u00e0 faible co\u00fbt de nettoyage.<\/p>\n<p>Connectez-vous \u00e0 la boutique pour obtenir les derniers prix !<\/p>\n<p>Une r\u00e9f\u00e9rence UGS alternative peut \u00eatre fournie pour la gestion des stocks FIFO tout en conservant la m\u00eame caract\u00e9ristique !<\/p>","protected":false},"excerpt":{"rendered":"<p>Plus de 600 nettoyages Facile \u00e0 utiliser Fibre antistatique \u00e0 haute densit\u00e9 Tr\u00e8s efficace m\u00eame sur les surfaces tr\u00e8s sales Facile \u00e0 utiliser la technique Wet-Dry Cassette de nettoyage int\u00e9rieure rempla\u00e7able Connectez-vous \u00e0 la boutique pour obtenir les derniers prix ! Une r\u00e9f\u00e9rence SKU alternative peut \u00eatre fournie pour la gestion des stocks FIFO tout en gardant les m\u00eames caract\u00e9ristiques !<\/p>\n<p>Tous les fichiers techniques se trouvent ci-dessous dans la section \u201c<strong>Description<\/strong>\u201dVous devez \u00eatre connect\u00e9 pour voir le lien permettant de t\u00e9l\u00e9charger le fichier. Aller \u00e0 <span style=\"text-decoration: underline;\"><strong><a href=\"https:\/\/www.arcane-group.be\/fr\/my-account\/\">Mon compte<\/a><\/strong><\/span>\u00a0pour se connecter ou cr\u00e9er un compte.<\/p>\n<p><img decoding=\"async\" class=\"img-responsive wp-image-55\" title=\"SGS\" src=\"https:\/\/holightoptic.com\/wp-content\/uploads\/2017\/12\/SGS.png\" alt=\"1\" width=\"353\" height=\"128\" data-src=\"https:\/\/holightoptic.com\/wp-content\/uploads\/2017\/12\/SGS.png\" data-srcset=\"https:\/\/holightoptic.com\/wp-content\/uploads\/2017\/12\/SGS-200x73.png 200w, https:\/\/holightoptic.com\/wp-content\/uploads\/2017\/12\/SGS.png 353w\" data-sizes=\"(max-width: 800px) 100vw, 353px\" data-style=\"\" data-l=\"\" \/><\/p>","protected":false},"featured_media":21770,"comment_status":"open","ping_status":"closed","template":"","meta":[],"product_brand":[],"product_cat":[175,282],"product_tag":[286,287,288,289,284,285,210,283],"class_list":{"0":"post-21765","1":"product","2":"type-product","3":"status-publish","4":"has-post-thumbnail","6":"product_cat-optical-fiber","7":"product_cat-tools","8":"product_tag-cassette","9":"product_tag-cle","10":"product_tag-cle-box","11":"product_tag-cle-k7","12":"product_tag-cleaning","13":"product_tag-k7","14":"product_tag-optical-fiber","15":"product_tag-tools","17":"first","18":"instock","19":"sale","20":"taxable","21":"shipping-taxable","22":"purchasable","23":"product-type-simple"},"_links":{"self":[{"href":"https:\/\/www.arcane-group.be\/fr\/wp-json\/wp\/v2\/product\/21765","targetHints":{"allow":["GET"]}}],"collection":[{"href":"https:\/\/www.arcane-group.be\/fr\/wp-json\/wp\/v2\/product"}],"about":[{"href":"https:\/\/www.arcane-group.be\/fr\/wp-json\/wp\/v2\/types\/product"}],"replies":[{"embeddable":true,"href":"https:\/\/www.arcane-group.be\/fr\/wp-json\/wp\/v2\/comments?post=21765"}],"wp:featuredmedia":[{"embeddable":true,"href":"https:\/\/www.arcane-group.be\/fr\/wp-json\/wp\/v2\/media\/21770"}],"wp:attachment":[{"href":"https:\/\/www.arcane-group.be\/fr\/wp-json\/wp\/v2\/media?parent=21765"}],"wp:term":[{"taxonomy":"product_brand","embeddable":true,"href":"https:\/\/www.arcane-group.be\/fr\/wp-json\/wp\/v2\/product_brand?post=21765"},{"taxonomy":"product_cat","embeddable":true,"href":"https:\/\/www.arcane-group.be\/fr\/wp-json\/wp\/v2\/product_cat?post=21765"},{"taxonomy":"product_tag","embeddable":true,"href":"https:\/\/www.arcane-group.be\/fr\/wp-json\/wp\/v2\/product_tag?post=21765"}],"curies":[{"name":"wp","href":"https:\/\/api.w.org\/{rel}","templated":true}]}}