{"id":21613,"date":"2022-04-27T16:02:58","date_gmt":"2022-04-27T13:02:58","guid":{"rendered":"https:\/\/www.arcane-group.be\/?post_type=product&#038;p=21613"},"modified":"2025-12-22T17:00:06","modified_gmt":"2025-12-22T16:00:06","slug":"dac-qsfp-40g-cr4-nt-5m","status":"publish","type":"product","link":"https:\/\/www.arcane-group.be\/fr\/produit\/dac-qsfp-40g-cr4-nt-5m\/","title":{"rendered":"DAC QSFP+ 40G CR4 NT 5m"},"content":{"rendered":"<p><strong>INTRODUCTION<\/strong><\/p>\n<div class=\"page\" title=\"Page 2\">\n<div class=\"layoutArea\">\n<div class=\"column\">\n<p>QSFP to QSFP copper direct-attach 40GBASE-CR4 for short distances (&lt;7m), to offer connectivity within a rack or two adjacent racks (very close).<\/p>\n<p>Cette s\u00e9rie de produits poss\u00e8de son propre c\u00e2ble en cuivre entre les deux \u00e9metteurs-r\u00e9cepteurs. Elle est largement utilis\u00e9e dans les centres de donn\u00e9es, les r\u00e9seaux de campus, les r\u00e9seaux m\u00e9tropolitains et d'autres environnements.<\/p>\n<p>Longueur du c\u00e2ble entre 0,5 et 7m (\u00e0 demander lors de la commande)<\/p>\n<\/div>\n<\/div>\n<\/div>\n<p><strong>CARACT\u00c9RISTIQUES DU PRODUIT<\/strong><\/p>\n<div class=\"page\" title=\"Page 1\">\n<div class=\"layoutArea\">\n<div class=\"column\">\n<ul>\n<li>Soutien <strong>40G<\/strong>Application BASE-SR4\/QDR<\/li>\n<li>Conforme \u00e0 QSFP+ Electrical MSA SFF-8436<\/li>\n<li>D\u00e9bit multiple jusqu'\u00e0 10,3125 Gbps par canal<\/li>\n<li>Alimentation unique +3,3V<\/li>\n<li>Faible consommation d'\u00e9nergie<\/li>\n<li>Temp\u00e9rature du bo\u00eetier de fonctionnement Commercial : 0\u00b0C \u00e0 +70 \u00b0C<\/li>\n<\/ul>\n<\/div>\n<\/div>\n<\/div>\n<div class=\"page\" title=\"Page 1\">\n<div class=\"layoutArea\">\n<div class=\"column\">\n<p><strong>CANDIDATURES<\/strong><\/p>\n<ul>\n<li><span style=\"font-size: 16px;\">40G Ethernet<\/span><\/li>\n<li><span style=\"font-size: 16px;\">Infiniband QDR<\/span><\/li>\n<li><span style=\"font-size: 16px;\">Canal \u00e0 fibres<\/span><\/li>\n<\/ul>\n<\/div>\n<\/div>\n<\/div>\n<div class=\"page\" title=\"Page 1\">\n<div class=\"layoutArea\">\n<div class=\"column\">\n<p><strong>NORMES<\/strong><\/p>\n<div class=\"page\" title=\"Page 1\">\n<div class=\"layoutArea\">\n<div class=\"column\">\n<ul>\n<li>Conforme \u00e0 la norme QSFP+ MSA<\/li>\n<li>Conforme \u00e0 la directive RoHS 6\/6.<\/li>\n<\/ul>\n<\/div>\n<\/div>\n<\/div>\n<div class=\"page\" title=\"Page 7\">\n<div class=\"layoutArea\"><\/div>\n<\/div>\n<\/div>\n<\/div>\n<\/div>","protected":false},"excerpt":{"rendered":"<p>DAC QSFP+ 40GBASE CR4 NT 5m Jusqu'\u00e0 <strong>40 Gbps<\/strong> Temp\u00e9rature commerciale : 0\u00b0C \u00e0 +70\u00b0C ! ! Longueur du c\u00e2ble \u00e0 d\u00e9finir avant la commande ! !! Afin de garantir la compatibilit\u00e9, veuillez nous envoyer la marque, la version de la plateforme et le firmware IOS o\u00f9 vous pr\u00e9voyez de l'installer.<\/p>\n<p>Tous les fichiers techniques se trouvent ci-dessous dans la section \u201c<strong>Description<\/strong>\u201dVous devez \u00eatre connect\u00e9 pour voir le lien permettant de t\u00e9l\u00e9charger le fichier. Aller \u00e0 <a href=\"https:\/\/www.arcane-group.be\/fr\/my-account\/\">Mon compte<\/a>\u00a0pour se connecter ou cr\u00e9er un compte.<\/p>","protected":false},"featured_media":21619,"comment_status":"open","ping_status":"closed","template":"","meta":[],"product_brand":[],"product_cat":[333],"product_tag":[351,344,342],"class_list":{"0":"post-21613","1":"product","2":"type-product","3":"status-publish","4":"has-post-thumbnail","6":"product_cat-transceivers","7":"product_tag-dac","8":"product_tag-qsfp","9":"product_tag-transceivers","11":"first","12":"instock","13":"sale","14":"taxable","15":"shipping-taxable","16":"purchasable","17":"product-type-variable","18":"has-default-attributes"},"_links":{"self":[{"href":"https:\/\/www.arcane-group.be\/fr\/wp-json\/wp\/v2\/product\/21613","targetHints":{"allow":["GET"]}}],"collection":[{"href":"https:\/\/www.arcane-group.be\/fr\/wp-json\/wp\/v2\/product"}],"about":[{"href":"https:\/\/www.arcane-group.be\/fr\/wp-json\/wp\/v2\/types\/product"}],"replies":[{"embeddable":true,"href":"https:\/\/www.arcane-group.be\/fr\/wp-json\/wp\/v2\/comments?post=21613"}],"wp:featuredmedia":[{"embeddable":true,"href":"https:\/\/www.arcane-group.be\/fr\/wp-json\/wp\/v2\/media\/21619"}],"wp:attachment":[{"href":"https:\/\/www.arcane-group.be\/fr\/wp-json\/wp\/v2\/media?parent=21613"}],"wp:term":[{"taxonomy":"product_brand","embeddable":true,"href":"https:\/\/www.arcane-group.be\/fr\/wp-json\/wp\/v2\/product_brand?post=21613"},{"taxonomy":"product_cat","embeddable":true,"href":"https:\/\/www.arcane-group.be\/fr\/wp-json\/wp\/v2\/product_cat?post=21613"},{"taxonomy":"product_tag","embeddable":true,"href":"https:\/\/www.arcane-group.be\/fr\/wp-json\/wp\/v2\/product_tag?post=21613"}],"curies":[{"name":"wp","href":"https:\/\/api.w.org\/{rel}","templated":true}]}}