{"id":21596,"date":"2022-04-27T14:26:15","date_gmt":"2022-04-27T11:26:15","guid":{"rendered":"https:\/\/www.arcane-group.be\/?post_type=product&#038;p=21596"},"modified":"2025-12-22T17:00:21","modified_gmt":"2025-12-22T16:00:21","slug":"aoc-qsfp-40gbase-cr4-nt-30m","status":"publish","type":"product","link":"https:\/\/www.arcane-group.be\/fr\/produit\/aoc-qsfp-40gbase-cr4-nt-30m\/","title":{"rendered":"AOC QSFP+ 40GBASE CR4 NT 30m"},"content":{"rendered":"<p><strong>INTRODUCTION<\/strong><\/p>\n<div class=\"page\" title=\"Page 2\">\n<div class=\"layoutArea\">\n<div class=\"column\">\n<p>QSFP to QSFP link, based on 40GBASE-CR4, for short distances (&lt;30m), to offer a flexible way to connect mainly within racks or two adjacent racks.<\/p>\n<p>Les c\u00e2bles optiques actifs sont beaucoup plus fins et l\u00e9gers que les c\u00e2bles en cuivre, ce qui facilite le c\u00e2blage.<\/p>\n<p>Cette s\u00e9rie de produits poss\u00e8de son propre c\u00e2ble entre les deux \u00e9metteurs-r\u00e9cepteurs. Elle est largement utilis\u00e9e dans les centres de donn\u00e9es, les r\u00e9seaux de campus, les r\u00e9seaux m\u00e9tropolitains et d'autres environnements.<\/p>\n<p>Longueur du c\u00e2ble entre 1 et 30m (\u00e0 demander lors de la commande)<\/p>\n<\/div>\n<\/div>\n<\/div>\n<p><strong>CARACT\u00c9RISTIQUES DU PRODUIT<\/strong><\/p>\n<div class=\"page\" title=\"Page 1\">\n<div class=\"layoutArea\">\n<div class=\"column\">\n<ul>\n<li>Soutien <strong>40G<\/strong>Application BASE-SR4\/QDR<\/li>\n<li>Conforme \u00e0 QSFP+ Electrical MSA SFF-8436<\/li>\n<li>D\u00e9bit multiple jusqu'\u00e0 10,3125 Gbps par canal<\/li>\n<li><span style=\"font-size: 16px;\">Transmission distance up to 150m on OM3<\/span><\/li>\n<li><span style=\"font-size: 16px;\">Fibre multimode - OM3, OM4, OM5<\/span><\/li>\n<li>Alimentation unique +3,3V<\/li>\n<li>Faible consommation d'\u00e9nergie<\/li>\n<li>Temp\u00e9rature du bo\u00eetier de fonctionnement Commercial : 0\u00b0C \u00e0 +70 \u00b0C\n<div class=\"layoutArea\"><\/div>\n<\/li>\n<\/ul>\n<\/div>\n<\/div>\n<\/div>\n<div class=\"page\" title=\"Page 1\">\n<div class=\"layoutArea\">\n<div class=\"column\">\n<p><strong>CANDIDATURES<\/strong><\/p>\n<ul>\n<li><span style=\"font-size: 16px;\">40G Ethernet<\/span><\/li>\n<li><span style=\"font-size: 16px;\">Infiniband QDR<\/span><\/li>\n<li><span style=\"font-size: 16px;\">Canal \u00e0 fibres<\/span><\/li>\n<li><span style=\"font-size: 16px;\">Interconnexions HPC<\/span><\/li>\n<\/ul>\n<\/div>\n<\/div>\n<\/div>\n<div class=\"page\" title=\"Page 1\">\n<div class=\"layoutArea\">\n<div class=\"column\">\n<p><strong>NORMES<\/strong><\/p>\n<div class=\"page\" title=\"Page 1\">\n<div class=\"layoutArea\">\n<div class=\"column\">\n<ul>\n<li>Conforme \u00e0 la norme QSFP+ MSA<\/li>\n<li>Conforme \u00e0 la directive RoHS 6\/6.<\/li>\n<\/ul>\n<\/div>\n<\/div>\n<\/div>\n<p><strong>S\u00c9CURIT\u00c9 LASER<\/strong><\/p>\n<div class=\"page\" title=\"Page 7\">\n<div class=\"layoutArea\">\n<div class=\"column\">\n<p>Il s'agit d'un produit laser de classe 1 conform\u00e9ment \u00e0 la norme EN 60825-1:2014. Ce produit est conforme aux normes 21 CFR 1040.10 et 1040.11, \u00e0 l'exception des d\u00e9rogations pr\u00e9vues par l'avis laser n\u00b0 50, dat\u00e9 du 24 juin 2007.<\/p>\n<p>Attention : L'utilisation de commandes ou de r\u00e9glages ou l'ex\u00e9cution de proc\u00e9dures autres que celles sp\u00e9cifi\u00e9es dans le pr\u00e9sent document peut entra\u00eener une exposition dangereuse aux rayonnements.<\/p>\nPrivate File - Access Forbidden\n<\/div>\n<\/div>\n<\/div>\n<\/div>\n<\/div>\n<\/div>","protected":false},"excerpt":{"rendered":"<p>AOC QSFP+ 40GBASE CR4 NT 30m Jusqu'\u00e0 <strong>40 Gbps<\/strong> Temp\u00e9rature commerciale : 0\u00b0C \u00e0 +70\u00b0C ! ! Longueur du c\u00e2ble \u00e0 d\u00e9finir avant la commande ! !! Afin de garantir la compatibilit\u00e9, veuillez nous envoyer la marque, la version de la plateforme et le firmware IOS o\u00f9 vous pr\u00e9voyez de l'installer.<\/p>\n<p>Tous les fichiers techniques se trouvent ci-dessous dans la section \u201c<strong>Description<\/strong>\u201dVous devez \u00eatre connect\u00e9 pour voir le lien permettant de t\u00e9l\u00e9charger le fichier. Aller \u00e0 <a href=\"https:\/\/www.arcane-group.be\/fr\/my-account\/\">Mon compte<\/a>\u00a0pour se connecter ou cr\u00e9er un compte.<\/p>","protected":false},"featured_media":21600,"comment_status":"open","ping_status":"closed","template":"","meta":[],"product_brand":[],"product_cat":[333],"product_tag":[350,344,342],"class_list":{"0":"post-21596","1":"product","2":"type-product","3":"status-publish","4":"has-post-thumbnail","6":"product_cat-transceivers","7":"product_tag-aoc","8":"product_tag-qsfp","9":"product_tag-transceivers","11":"first","12":"instock","13":"sale","14":"taxable","15":"shipping-taxable","16":"purchasable","17":"product-type-variable","18":"has-default-attributes"},"_links":{"self":[{"href":"https:\/\/www.arcane-group.be\/fr\/wp-json\/wp\/v2\/product\/21596","targetHints":{"allow":["GET"]}}],"collection":[{"href":"https:\/\/www.arcane-group.be\/fr\/wp-json\/wp\/v2\/product"}],"about":[{"href":"https:\/\/www.arcane-group.be\/fr\/wp-json\/wp\/v2\/types\/product"}],"replies":[{"embeddable":true,"href":"https:\/\/www.arcane-group.be\/fr\/wp-json\/wp\/v2\/comments?post=21596"}],"wp:featuredmedia":[{"embeddable":true,"href":"https:\/\/www.arcane-group.be\/fr\/wp-json\/wp\/v2\/media\/21600"}],"wp:attachment":[{"href":"https:\/\/www.arcane-group.be\/fr\/wp-json\/wp\/v2\/media?parent=21596"}],"wp:term":[{"taxonomy":"product_brand","embeddable":true,"href":"https:\/\/www.arcane-group.be\/fr\/wp-json\/wp\/v2\/product_brand?post=21596"},{"taxonomy":"product_cat","embeddable":true,"href":"https:\/\/www.arcane-group.be\/fr\/wp-json\/wp\/v2\/product_cat?post=21596"},{"taxonomy":"product_tag","embeddable":true,"href":"https:\/\/www.arcane-group.be\/fr\/wp-json\/wp\/v2\/product_tag?post=21596"}],"curies":[{"name":"wp","href":"https:\/\/api.w.org\/{rel}","templated":true}]}}