{"id":21590,"date":"2022-04-27T13:25:15","date_gmt":"2022-04-27T10:25:15","guid":{"rendered":"https:\/\/www.arcane-group.be\/?post_type=product&#038;p=21590"},"modified":"2025-12-22T17:00:26","modified_gmt":"2025-12-22T16:00:26","slug":"qsfp-40gbase-sr-bidi-lc-nt-150m","status":"publish","type":"product","link":"https:\/\/www.arcane-group.be\/fr\/produit\/qsfp-40gbase-sr-bidi-lc-nt-150m\/","title":{"rendered":"QSFP+ 40GBASE SR Bidi LC NT 150m"},"content":{"rendered":"<p><strong>INTRODUCTION<\/strong><\/p>\n<div class=\"page\" title=\"Page 2\">\n<div class=\"layoutArea\">\n<div class=\"column\">\n<p>QSFP 40-Gbps BiDirectional (BiDi) transceiver is a pluggable optical transceiver with a duplex LC connector interface for short-reach data communication and interconnect applications using MultiMode Fiber (MMF). The QSFP 40-Gbps BiDi transceiver offers a solution that enables reuse of their existing 10 gigabit duplex MMF infrastructure for migration to 40 Gigabit Ethernet connectivity.<\/p>\n<p>This series of products adopt LC ports and are compatible with IEEE802.3bm, QSFP+ MSA and other standards. It is widely applied in Data centers, Campus networks, Metropolitan area networks and other environments.<\/p>\n<\/div>\n<\/div>\n<\/div>\n<p><strong>CARACT\u00c9RISTIQUES DU PRODUIT<\/strong><\/p>\n<div class=\"page\" title=\"Page 1\">\n<div class=\"layoutArea\">\n<div class=\"column\">\n<ul>\n<li>Support 40GBASE application<\/li>\n<li>Conforme \u00e0 QSFP+ Electrical MSA SFF-8436<\/li>\n<li><span style=\"font-size: 16px;\">Transmission distance up to 150m<\/span><\/li>\n<li><span style=\"font-size: 16px;\">Fibre multimode - OM3, OM4, OM5<\/span><\/li>\n<li>Alimentation unique +3,3V<\/li>\n<li>Faible consommation d'\u00e9nergie<\/li>\n<li>Temp\u00e9rature du bo\u00eetier de fonctionnement Commercial : 0\u00b0C \u00e0 +70 \u00b0C<\/li>\n<\/ul>\n<\/div>\n<\/div>\n<\/div>\n<div class=\"page\" title=\"Page 1\">\n<div class=\"layoutArea\">\n<div class=\"column\">\n<p><strong>CANDIDATURES<\/strong><\/p>\n<ul>\n<li><span style=\"font-size: 16px;\">40GBASE, 20 Gbps per link<\/span><\/li>\n<li><span style=\"font-size: 16px;\">Other optical links<\/span><\/li>\n<\/ul>\n<\/div>\n<\/div>\n<\/div>\n<div class=\"page\" title=\"Page 1\">\n<div class=\"layoutArea\">\n<div class=\"column\">\n<p><strong>NORMES<\/strong><\/p>\n<div class=\"page\" title=\"Page 1\">\n<div class=\"layoutArea\">\n<div class=\"column\">\n<ul>\n<li>Conforme \u00e0 la directive RoHS 6\/6.<\/li>\n<\/ul>\n<\/div>\n<\/div>\n<\/div>\n<p><strong>S\u00c9CURIT\u00c9 LASER<\/strong><\/p>\n<div class=\"page\" title=\"Page 7\">\n<div class=\"layoutArea\">\n<div class=\"column\">\n<p>Il s'agit d'un produit laser de classe 1 conform\u00e9ment \u00e0 la norme EN 60825-1:2014. Ce produit est conforme aux normes 21 CFR 1040.10 et 1040.11, \u00e0 l'exception des d\u00e9rogations pr\u00e9vues par l'avis laser n\u00b0 50, dat\u00e9 du 24 juin 2007.<\/p>\n<p>Attention : L'utilisation de commandes ou de r\u00e9glages ou l'ex\u00e9cution de proc\u00e9dures autres que celles sp\u00e9cifi\u00e9es dans le pr\u00e9sent document peut entra\u00eener une exposition dangereuse aux rayonnements.<\/p>\n<\/div>\n<\/div>\n<\/div>\n<\/div>\n<\/div>\n<\/div>","protected":false},"excerpt":{"rendered":"<p>QSFP+ 40G BiDi (bi direction) Jusqu'\u00e0 20 Gbps par lien Temp\u00e9rature commerciale : 0\u00b0C \u00e0 +70\u00b0C ! Double <strong>LC<\/strong>\u00a0<strong>MM<\/strong> @ both end !! Pour une garantie totale de compatibilit\u00e9, veuillez nous envoyer la marque, la version de la plateforme et le firmware IOS sur lequel vous pr\u00e9voyez de l'installer.<\/p>\n<p>Tous les fichiers techniques se trouvent ci-dessous dans la section \u201c<strong>Description<\/strong>\u201dVous devez \u00eatre connect\u00e9 pour voir le lien permettant de t\u00e9l\u00e9charger le fichier. Aller \u00e0 <a href=\"https:\/\/www.arcane-group.be\/fr\/my-account\/\">Mon compte<\/a>\u00a0pour se connecter ou cr\u00e9er un compte.<\/p>","protected":false},"featured_media":21594,"comment_status":"open","ping_status":"closed","template":"","meta":[],"product_brand":[],"product_cat":[333],"product_tag":[345,344,342],"class_list":{"0":"post-21590","1":"product","2":"type-product","3":"status-publish","4":"has-post-thumbnail","6":"product_cat-transceivers","7":"product_tag-bidi","8":"product_tag-qsfp","9":"product_tag-transceivers","11":"first","12":"instock","13":"sale","14":"taxable","15":"shipping-taxable","16":"purchasable","17":"product-type-variable","18":"has-default-attributes"},"_links":{"self":[{"href":"https:\/\/www.arcane-group.be\/fr\/wp-json\/wp\/v2\/product\/21590","targetHints":{"allow":["GET"]}}],"collection":[{"href":"https:\/\/www.arcane-group.be\/fr\/wp-json\/wp\/v2\/product"}],"about":[{"href":"https:\/\/www.arcane-group.be\/fr\/wp-json\/wp\/v2\/types\/product"}],"replies":[{"embeddable":true,"href":"https:\/\/www.arcane-group.be\/fr\/wp-json\/wp\/v2\/comments?post=21590"}],"wp:featuredmedia":[{"embeddable":true,"href":"https:\/\/www.arcane-group.be\/fr\/wp-json\/wp\/v2\/media\/21594"}],"wp:attachment":[{"href":"https:\/\/www.arcane-group.be\/fr\/wp-json\/wp\/v2\/media?parent=21590"}],"wp:term":[{"taxonomy":"product_brand","embeddable":true,"href":"https:\/\/www.arcane-group.be\/fr\/wp-json\/wp\/v2\/product_brand?post=21590"},{"taxonomy":"product_cat","embeddable":true,"href":"https:\/\/www.arcane-group.be\/fr\/wp-json\/wp\/v2\/product_cat?post=21590"},{"taxonomy":"product_tag","embeddable":true,"href":"https:\/\/www.arcane-group.be\/fr\/wp-json\/wp\/v2\/product_tag?post=21590"}],"curies":[{"name":"wp","href":"https:\/\/api.w.org\/{rel}","templated":true}]}}