{"id":21569,"date":"2022-04-26T23:43:42","date_gmt":"2022-04-26T20:43:42","guid":{"rendered":"https:\/\/www.arcane-group.be\/?post_type=product&#038;p=21569"},"modified":"2025-12-22T17:00:37","modified_gmt":"2025-12-22T16:00:37","slug":"sfp-10gbase-t-copper","status":"publish","type":"product","link":"https:\/\/www.arcane-group.be\/fr\/produit\/sfp-10gbase-t-copper\/","title":{"rendered":"SFP+ 10GBASE-T Cuivre"},"content":{"rendered":"<p><strong>INTRODUCTION<\/strong><\/p>\n<div class=\"page\" title=\"Page 2\">\n<div class=\"layoutArea\">\n<div class=\"column\">\n<div class=\"page\" title=\"Page 1\">\n<div class=\"layoutArea\">\n<div class=\"column\">SFP+-10GBASE-T Copper Small Form Pluggable (SFP) transceivers are based on the SFP Multi Source Agreement (MSA) . They are compatible with the 10Gbase-T \/ 5Gbase-T \/ 2.5Gbase-T \/ 1000base-T standards as specified in IEEE Std 802.3 . SFP+-10GBASE-T uses the SFP&#8217;s RX_LOS(must be pulled up on host) pin for link indication. If pull up or open SFP&#8217;s TX_DISABLE pin, PHY IC be reset.<\/div>\n<\/div>\n<\/div>\n<\/div>\n<\/div>\n<\/div>\n<p><strong>CARACT\u00c9RISTIQUES DU PRODUIT<\/strong><\/p>\n<div class=\"page\" title=\"Page 1\">\n<div class=\"layoutArea\">\n<div class=\"column\">\n<ul>\n<li>Support 10Gbase-T \/ 5Gbase-T \/ 2.5Gbase-T \/ 1000base-T<\/li>\n<li>Hot-pluggable SFP footprint<\/li>\n<li>Compact RJ-45 connector assembly<\/li>\n<li>RoHS compliant and lead-free<\/li>\n<li>Single +3.3V power supply<\/li>\n<li>10 Gigabit Ethernet over Cat 6a cable<\/li>\n<li>Ambient Operating temperature: 0\u00b0C to +65\u00b0C<\/li>\n<\/ul>\n<\/div>\n<\/div>\n<\/div>\n<div class=\"page\" title=\"Page 1\">\n<div class=\"layoutArea\">\n<div class=\"column\"><strong>CANDIDATURES<\/strong><\/p>\n<ul>\n<li>10G on Ethernet<\/li>\n<\/ul>\n<p><strong>NORMES<\/strong><\/p>\n<div class=\"page\" title=\"Page 1\">\n<div class=\"layoutArea\">\n<div class=\"column\">\n<ul>\n<li>RoHS Compliant.<\/li>\n<\/ul>\n<\/div>\n<\/div>\n<\/div>\n<div class=\"page\" title=\"Page 7\">\n<div class=\"layoutArea\">Private File - Access Forbidden<\/div>\n<\/div>\n<\/div>\n<\/div>\n<\/div>","protected":false},"excerpt":{"rendered":"<p>SFP+ 10G sur <strong>Cuivre<\/strong> Temp\u00e9rature commerciale : 0\u00b0C \u00e0 +65\u00b0C RJ45 Pour une garantie totale de compatibilit\u00e9, veuillez nous envoyer la marque, la version de la plateforme et le micrologiciel IOS o\u00f9 vous pr\u00e9voyez de l'installer.<\/p>\n<p>Tous les fichiers techniques se trouvent ci-dessous dans la section \u201c<strong>Description<\/strong>\u201dVous devez \u00eatre connect\u00e9 pour voir le lien permettant de t\u00e9l\u00e9charger le fichier. Aller \u00e0 <a href=\"https:\/\/www.arcane-group.be\/fr\/my-account\/\">Mon compte<\/a>\u00a0pour se connecter ou cr\u00e9er un compte.<\/p>","protected":false},"featured_media":21879,"comment_status":"open","ping_status":"closed","template":"","meta":[],"product_brand":[],"product_cat":[333],"product_tag":[346,342],"class_list":{"0":"post-21569","1":"product","2":"type-product","3":"status-publish","4":"has-post-thumbnail","6":"product_cat-transceivers","7":"product_tag-sfp","8":"product_tag-transceivers","10":"first","11":"instock","12":"sale","13":"taxable","14":"shipping-taxable","15":"purchasable","16":"product-type-variable","17":"has-default-attributes"},"_links":{"self":[{"href":"https:\/\/www.arcane-group.be\/fr\/wp-json\/wp\/v2\/product\/21569","targetHints":{"allow":["GET"]}}],"collection":[{"href":"https:\/\/www.arcane-group.be\/fr\/wp-json\/wp\/v2\/product"}],"about":[{"href":"https:\/\/www.arcane-group.be\/fr\/wp-json\/wp\/v2\/types\/product"}],"replies":[{"embeddable":true,"href":"https:\/\/www.arcane-group.be\/fr\/wp-json\/wp\/v2\/comments?post=21569"}],"wp:featuredmedia":[{"embeddable":true,"href":"https:\/\/www.arcane-group.be\/fr\/wp-json\/wp\/v2\/media\/21879"}],"wp:attachment":[{"href":"https:\/\/www.arcane-group.be\/fr\/wp-json\/wp\/v2\/media?parent=21569"}],"wp:term":[{"taxonomy":"product_brand","embeddable":true,"href":"https:\/\/www.arcane-group.be\/fr\/wp-json\/wp\/v2\/product_brand?post=21569"},{"taxonomy":"product_cat","embeddable":true,"href":"https:\/\/www.arcane-group.be\/fr\/wp-json\/wp\/v2\/product_cat?post=21569"},{"taxonomy":"product_tag","embeddable":true,"href":"https:\/\/www.arcane-group.be\/fr\/wp-json\/wp\/v2\/product_tag?post=21569"}],"curies":[{"name":"wp","href":"https:\/\/api.w.org\/{rel}","templated":true}]}}