{"id":21555,"date":"2022-04-26T18:37:47","date_gmt":"2022-04-26T15:37:47","guid":{"rendered":"https:\/\/www.arcane-group.be\/?post_type=product&#038;p=21555"},"modified":"2025-12-22T17:00:43","modified_gmt":"2025-12-22T16:00:43","slug":"sfp-10g-mm-dual-lc-300m-it-850nm-sr","status":"publish","type":"product","link":"https:\/\/www.arcane-group.be\/fr\/produit\/sfp-10g-mm-dual-lc-300m-it-850nm-sr\/","title":{"rendered":"SFP+ 10G MM dual LC 300m IT 850nm SR"},"content":{"rendered":"<p><strong>INTRODUCTION<\/strong><\/p>\n<div class=\"page\" title=\"Page 2\">\n<div class=\"layoutArea\">\n<div class=\"column\">Small Form Factor Pluggable (SFP) transceivers are compatible with the Small Form Factor Pluggable Multi-Sourcing Agreement (MSA). The transceiver consists of five sections: the LD driver, the limiting amplifier, the digital diagnostic monitor, the VCSEL laser and the PIN photo-detector . The module data link up to 300m in 50\/125um multi mode fiber. The optical output can be disabled by a TTL logic high-level input of Tx Disable. Tx Fault is provided to indicate that degradation of the laser. Loss of signal (LOS) output is provided to indicate the loss of an input optical signal of receiver or the link status with partner.<\/div>\n<\/div>\n<\/div>\n<p><strong>CARACT\u00c9RISTIQUES DU PRODUIT<\/strong><\/p>\n<div class=\"page\" title=\"Page 1\">\n<div class=\"layoutArea\">\n<div class=\"column\">\n<ul>\n<li>Up to 11.1Gbps Data Links<\/li>\n<li>Up to 300m transmission on MMF<\/li>\n<li>VCSEL Laser and PIN receiver<\/li>\n<li>Metal enclosure, for lower EMI<\/li>\n<li>Hot-pluggable SFP footprint<\/li>\n<li>Specifications compliant with SFF 8472<\/li>\n<li>Compliant with SFP+ MSA with LC connector<\/li>\n<li>2-wire interface with integrated Digital Diagnostic monitoring<\/li>\n<li>Single 3.3V power supply<\/li>\n<li>Power dissipation &lt; 1.0 W<\/li>\n<li>Case operating temperature: Commercial: 0\u00b0C to +70\u00b0C<\/li>\n<\/ul>\n<p><strong>CANDIDATURES<\/strong><\/p>\n<ul>\n<li>Switch to Switch Interface<\/li>\n<li>10GBASE-SR &amp; 10G Ethernet<\/li>\n<li>Switched Backplane Applications<\/li>\n<li>Router\/Server Interface<\/li>\n<li>Other Optical Links<\/li>\n<\/ul>\n<p><strong>NORMES<\/strong><\/p>\n<div class=\"page\" title=\"Page 1\">\n<div class=\"layoutArea\">\n<div class=\"column\">\n<ul>\n<li>Compliant to SFP+ SFF-8431<\/li>\n<li>Compliant to 802.3ae 10GBASE-SR.<\/li>\n<li>RoHS Compliant.<\/li>\n<\/ul>\n<\/div>\n<\/div>\n<\/div>\n<p><strong>S\u00c9CURIT\u00c9 LASER<\/strong><\/p>\n<div class=\"page\" title=\"Page 7\">\n<div class=\"layoutArea\">\n<div class=\"column\">This is a Class 1 Laser Product according to EN 60825-1:2014. This product complies with 21 CFR 1040.10 and 1040.11 except for deviations pursuant to Laser Notice No. 50, dated (June 24, 2007). Caution: Use of controls or adjustments or performance of procedures other than those specified herein may result in hazardous radiation exposure.<\/div>\n<\/div>\n<div>\u00a0<\/div>\n<div>Private File - Access Forbidden<\/div>\n<\/div>\n<\/div>\n<\/div>\n<\/div>","protected":false},"excerpt":{"rendered":"<p>SFP+ 10G Jusqu'\u00e0 11,1Gbps Liaisons de donn\u00e9es Temp\u00e9rature commerciale : 0\u00b0C \u00e0 +70\u00b0C LC-LC Pour une garantie totale de compatibilit\u00e9, veuillez nous envoyer la marque, la version de la plateforme et le firmware IOS o\u00f9 vous pr\u00e9voyez de l'installer.<\/p>\n<p>Tous les fichiers techniques se trouvent ci-dessous dans la section \u201c<strong>Description<\/strong>\u201dVous devez \u00eatre connect\u00e9 pour voir le lien permettant de t\u00e9l\u00e9charger le fichier. Aller \u00e0 <a href=\"https:\/\/www.arcane-group.be\/fr\/my-account\/\">Mon compte<\/a>\u00a0pour se connecter ou cr\u00e9er un compte.<\/p>","protected":false},"featured_media":21577,"comment_status":"open","ping_status":"closed","template":"","meta":[],"product_brand":[],"product_cat":[333],"product_tag":[346,342],"class_list":{"0":"post-21555","1":"product","2":"type-product","3":"status-publish","4":"has-post-thumbnail","6":"product_cat-transceivers","7":"product_tag-sfp","8":"product_tag-transceivers","10":"first","11":"instock","12":"sale","13":"taxable","14":"shipping-taxable","15":"purchasable","16":"product-type-variable","17":"has-default-attributes"},"_links":{"self":[{"href":"https:\/\/www.arcane-group.be\/fr\/wp-json\/wp\/v2\/product\/21555","targetHints":{"allow":["GET"]}}],"collection":[{"href":"https:\/\/www.arcane-group.be\/fr\/wp-json\/wp\/v2\/product"}],"about":[{"href":"https:\/\/www.arcane-group.be\/fr\/wp-json\/wp\/v2\/types\/product"}],"replies":[{"embeddable":true,"href":"https:\/\/www.arcane-group.be\/fr\/wp-json\/wp\/v2\/comments?post=21555"}],"wp:featuredmedia":[{"embeddable":true,"href":"https:\/\/www.arcane-group.be\/fr\/wp-json\/wp\/v2\/media\/21577"}],"wp:attachment":[{"href":"https:\/\/www.arcane-group.be\/fr\/wp-json\/wp\/v2\/media?parent=21555"}],"wp:term":[{"taxonomy":"product_brand","embeddable":true,"href":"https:\/\/www.arcane-group.be\/fr\/wp-json\/wp\/v2\/product_brand?post=21555"},{"taxonomy":"product_cat","embeddable":true,"href":"https:\/\/www.arcane-group.be\/fr\/wp-json\/wp\/v2\/product_cat?post=21555"},{"taxonomy":"product_tag","embeddable":true,"href":"https:\/\/www.arcane-group.be\/fr\/wp-json\/wp\/v2\/product_tag?post=21555"}],"curies":[{"name":"wp","href":"https:\/\/api.w.org\/{rel}","templated":true}]}}