{"id":20182,"date":"2022-01-06T16:12:23","date_gmt":"2022-01-06T16:12:23","guid":{"rendered":"https:\/\/www.arcane-group.be\/?post_type=product&#038;p=20182"},"modified":"2025-12-22T17:04:21","modified_gmt":"2025-12-22T16:04:21","slug":"sliding-shelf-24-ports-no-coupler","status":"publish","type":"product","link":"https:\/\/www.arcane-group.be\/fr\/produit\/sliding-shelf-24-ports-no-coupler\/","title":{"rendered":"\u00c9tag\u00e8re coulissante 1U - 24 ports (sans coupleur)"},"content":{"rendered":"<ul>\n<li>1U Rack mount fiber enclosure<\/li>\n<li>Up to 48 splices organized into 2 trays<\/li>\n<li>Each tray is protected by cover<\/li>\n<li>Removable top tray (second layer) without any tool<\/li>\n<li>Easy operation to add cables and splices<\/li>\n<li>Main frame is fixed to the rack, allowing inner tray to be removed<\/li>\n<li>24 ports (holes) for :\n<ul>\n<li>24 LCDX<\/li>\n<li>24 SCSX<\/li>\n<li>\u2026<\/li>\n<\/ul>\n<\/li>\n<li>Coupler could be adapted without opening the enclosure (front operation)<\/li>\n<li>Minimal space 1U for 48 connections perfectly secured<\/li>\n<li>Delivered with the 2 inner trays and with the 24 couplers mounted<\/li>\n<li>ATTENTION : NO COUPLER INSTALLED (EMPTY)<\/li>\n<\/ul>\nPrivate File - Access Forbidden","protected":false},"excerpt":{"rendered":"<ul>\n<li>Tablette d'\u00e9pissure<\/li>\n<li>Rack 1U 19\u2033 mont\u00e9<\/li>\n<li>de 1 \u00e0 48 c\u0153urs<\/li>\n<li>SC, LC, FC...<\/li>\n<li>APC, UPC...<\/li>\n<li>SX ou DX<\/li>\n<li>PAS DE COUPLEUR INSTALL\u00c9 (VIDE)<\/li>\n<\/ul>\n<p>Tous les fichiers techniques se trouvent ci-dessous dans la section \u201c<strong>Description<\/strong>\u201dVous devez \u00eatre connect\u00e9 pour voir le lien permettant de t\u00e9l\u00e9charger le fichier. Aller \u00e0 <a href=\"https:\/\/www.arcane-group.be\/fr\/my-account\/\">Mon compte<\/a>\u00a0pour se connecter ou cr\u00e9er un compte.<\/p>","protected":false},"featured_media":22365,"comment_status":"open","ping_status":"closed","template":"","meta":[],"product_brand":[],"product_cat":[311,175],"product_tag":[314,210,312,313],"class_list":{"0":"post-20182","1":"product","2":"type-product","3":"status-publish","4":"has-post-thumbnail","6":"product_cat-enclosure","7":"product_cat-optical-fiber","8":"product_tag-enclosure","9":"product_tag-optical-fiber","10":"product_tag-splicing","11":"product_tag-tray","13":"first","14":"instock","15":"sale","16":"taxable","17":"shipping-taxable","18":"purchasable","19":"product-type-simple"},"_links":{"self":[{"href":"https:\/\/www.arcane-group.be\/fr\/wp-json\/wp\/v2\/product\/20182","targetHints":{"allow":["GET"]}}],"collection":[{"href":"https:\/\/www.arcane-group.be\/fr\/wp-json\/wp\/v2\/product"}],"about":[{"href":"https:\/\/www.arcane-group.be\/fr\/wp-json\/wp\/v2\/types\/product"}],"replies":[{"embeddable":true,"href":"https:\/\/www.arcane-group.be\/fr\/wp-json\/wp\/v2\/comments?post=20182"}],"wp:featuredmedia":[{"embeddable":true,"href":"https:\/\/www.arcane-group.be\/fr\/wp-json\/wp\/v2\/media\/22365"}],"wp:attachment":[{"href":"https:\/\/www.arcane-group.be\/fr\/wp-json\/wp\/v2\/media?parent=20182"}],"wp:term":[{"taxonomy":"product_brand","embeddable":true,"href":"https:\/\/www.arcane-group.be\/fr\/wp-json\/wp\/v2\/product_brand?post=20182"},{"taxonomy":"product_cat","embeddable":true,"href":"https:\/\/www.arcane-group.be\/fr\/wp-json\/wp\/v2\/product_cat?post=20182"},{"taxonomy":"product_tag","embeddable":true,"href":"https:\/\/www.arcane-group.be\/fr\/wp-json\/wp\/v2\/product_tag?post=20182"}],"curies":[{"name":"wp","href":"https:\/\/api.w.org\/{rel}","templated":true}]}}