{"id":20058,"date":"2021-11-30T21:37:44","date_gmt":"2021-11-30T21:37:44","guid":{"rendered":"https:\/\/www.arcane-group.be\/?post_type=product&#038;p=20058"},"modified":"2025-12-22T17:05:15","modified_gmt":"2025-12-22T16:05:15","slug":"scapc-lc-os2-launch-cable-500m","status":"publish","type":"product","link":"https:\/\/www.arcane-group.be\/fr\/produit\/scapc-lc-os2-launch-cable-500m\/","title":{"rendered":"SCAPC\/LC OS2 Launch Cable 500m"},"content":{"rendered":"<p>OS2<br \/>\nSCAPC\/LC<br \/>\nLAUNCH CABLE 500m<\/p>\n<p>Un c\u00e2ble de lancement est toujours n\u00e9cessaire pour connecter d'un c\u00f4t\u00e9 l'OTDR et de l'autre la liaison \u00e0 tester.<\/p>\n<p>Selon les besoins, un c\u00e2ble de lancement est \u00e9galement n\u00e9cessaire \u00e0 l'extr\u00e9mit\u00e9 de la liaison test\u00e9e (la sortie).<\/p>\n<p>Il est disponible en petit format comme sur la photo ou en bo\u00eete jaune de plus grande taille. Voir nos autres produits.<\/p>\n<p>Le c\u00e2ble de lancement est n\u00e9cessaire pour surmonter l'angle mort ou la zone morte de l'OTDR.<\/p>\n<p>Connectez-vous \u00e0 la boutique pour obtenir la derni\u00e8re mise \u00e0 jour des prix !<\/p>","protected":false},"excerpt":{"rendered":"<p>OS2 SCAPC\/LC LAUNCH CABLE 500m Connectez-vous \u00e0 la boutique pour obtenir la derni\u00e8re mise \u00e0 jour des prix !<\/p>\n<p>Tous les fichiers techniques se trouvent ci-dessous dans la section \u201c<strong>Description<\/strong>\u201dVous devez \u00eatre connect\u00e9 pour voir le lien permettant de t\u00e9l\u00e9charger le fichier. Aller \u00e0 <a href=\"https:\/\/www.arcane-group.be\/fr\/my-account\/\">Mon compte<\/a>\u00a0pour se connecter ou cr\u00e9er un compte.<\/p>","protected":false},"featured_media":20061,"comment_status":"open","ping_status":"closed","template":"","meta":[],"product_brand":[],"product_cat":[302,175,282],"product_tag":[303,306,210,305,304,283],"class_list":{"0":"post-20058","1":"product","2":"type-product","3":"status-publish","4":"has-post-thumbnail","6":"product_cat-launch-cable","7":"product_cat-optical-fiber","8":"product_cat-tools","9":"product_tag-launch-cable","10":"product_tag-measures","11":"product_tag-optical-fiber","12":"product_tag-otdr","13":"product_tag-testing","14":"product_tag-tools","16":"first","17":"instock","18":"sale","19":"taxable","20":"shipping-taxable","21":"purchasable","22":"product-type-simple"},"_links":{"self":[{"href":"https:\/\/www.arcane-group.be\/fr\/wp-json\/wp\/v2\/product\/20058","targetHints":{"allow":["GET"]}}],"collection":[{"href":"https:\/\/www.arcane-group.be\/fr\/wp-json\/wp\/v2\/product"}],"about":[{"href":"https:\/\/www.arcane-group.be\/fr\/wp-json\/wp\/v2\/types\/product"}],"replies":[{"embeddable":true,"href":"https:\/\/www.arcane-group.be\/fr\/wp-json\/wp\/v2\/comments?post=20058"}],"wp:featuredmedia":[{"embeddable":true,"href":"https:\/\/www.arcane-group.be\/fr\/wp-json\/wp\/v2\/media\/20061"}],"wp:attachment":[{"href":"https:\/\/www.arcane-group.be\/fr\/wp-json\/wp\/v2\/media?parent=20058"}],"wp:term":[{"taxonomy":"product_brand","embeddable":true,"href":"https:\/\/www.arcane-group.be\/fr\/wp-json\/wp\/v2\/product_brand?post=20058"},{"taxonomy":"product_cat","embeddable":true,"href":"https:\/\/www.arcane-group.be\/fr\/wp-json\/wp\/v2\/product_cat?post=20058"},{"taxonomy":"product_tag","embeddable":true,"href":"https:\/\/www.arcane-group.be\/fr\/wp-json\/wp\/v2\/product_tag?post=20058"}],"curies":[{"name":"wp","href":"https:\/\/api.w.org\/{rel}","templated":true}]}}