{"id":20046,"date":"2021-11-29T21:42:13","date_gmt":"2021-11-29T21:42:13","guid":{"rendered":"https:\/\/www.arcane-group.be\/?post_type=product&#038;p=20046"},"modified":"2026-01-20T14:13:50","modified_gmt":"2026-01-20T13:13:50","slug":"cable-stripper-45-162","status":"publish","type":"product","link":"https:\/\/www.arcane-group.be\/fr\/produit\/cable-stripper-45-162\/","title":{"rendered":"D\u00e9nudeur de c\u00e2ble 45-162"},"content":{"rendered":"<p>Designed to remove outer jacket of coax cable<\/p>\n<p>Also suitable for Lan-cable or Optical fiber cable<\/p>\n<p>Suitable and really ideal to remove the module of optical fiber cable without harming the fibers<\/p>\n<p>Spare blades attached to the too<\/p>\nPrivate File - Access Forbidden","protected":false},"excerpt":{"rendered":"<p>Con\u00e7u pour retirer la gaine ext\u00e9rieure du c\u00e2ble coaxial Convient \u00e9galement pour le c\u00e2ble Lan ou le c\u00e2ble \u00e0 fibre optique Convient et vraiment id\u00e9al pour retirer le module du c\u00e2ble \u00e0 fibre optique sans endommager les fibres Lames de rechange jointes \u00e0 l'outil<\/p>\n<p>Tous les fichiers techniques se trouvent ci-dessous dans la section \u201c<strong>Description<\/strong>\u201dVous devez \u00eatre connect\u00e9 pour voir le lien permettant de t\u00e9l\u00e9charger le fichier. Aller \u00e0 <a href=\"https:\/\/www.arcane-group.be\/fr\/my-account\/\">Mon compte<\/a>\u00a0pour se connecter ou cr\u00e9er un compte.<\/p>","protected":false},"featured_media":21643,"comment_status":"open","ping_status":"closed","template":"","meta":[],"product_brand":[],"product_cat":[175,282],"product_tag":[210,300,283],"class_list":{"0":"post-20046","1":"product","2":"type-product","3":"status-publish","4":"has-post-thumbnail","6":"product_cat-optical-fiber","7":"product_cat-tools","8":"product_tag-optical-fiber","9":"product_tag-stripper","10":"product_tag-tools","12":"first","13":"instock","14":"sale","15":"taxable","16":"shipping-taxable","17":"purchasable","18":"product-type-simple"},"_links":{"self":[{"href":"https:\/\/www.arcane-group.be\/fr\/wp-json\/wp\/v2\/product\/20046","targetHints":{"allow":["GET"]}}],"collection":[{"href":"https:\/\/www.arcane-group.be\/fr\/wp-json\/wp\/v2\/product"}],"about":[{"href":"https:\/\/www.arcane-group.be\/fr\/wp-json\/wp\/v2\/types\/product"}],"replies":[{"embeddable":true,"href":"https:\/\/www.arcane-group.be\/fr\/wp-json\/wp\/v2\/comments?post=20046"}],"wp:featuredmedia":[{"embeddable":true,"href":"https:\/\/www.arcane-group.be\/fr\/wp-json\/wp\/v2\/media\/21643"}],"wp:attachment":[{"href":"https:\/\/www.arcane-group.be\/fr\/wp-json\/wp\/v2\/media?parent=20046"}],"wp:term":[{"taxonomy":"product_brand","embeddable":true,"href":"https:\/\/www.arcane-group.be\/fr\/wp-json\/wp\/v2\/product_brand?post=20046"},{"taxonomy":"product_cat","embeddable":true,"href":"https:\/\/www.arcane-group.be\/fr\/wp-json\/wp\/v2\/product_cat?post=20046"},{"taxonomy":"product_tag","embeddable":true,"href":"https:\/\/www.arcane-group.be\/fr\/wp-json\/wp\/v2\/product_tag?post=20046"}],"curies":[{"name":"wp","href":"https:\/\/api.w.org\/{rel}","templated":true}]}}