{"id":20035,"date":"2021-11-28T23:08:35","date_gmt":"2021-11-28T20:08:35","guid":{"rendered":"https:\/\/www.arcane-group.be\/?post_type=product&#038;p=20035"},"modified":"2025-12-22T17:05:56","modified_gmt":"2025-12-22T16:05:56","slug":"cle-cleaning-k7","status":"publish","type":"product","link":"https:\/\/www.arcane-group.be\/fr\/produit\/cle-cleaning-k7\/","title":{"rendered":"Bo\u00eete de nettoyage CLE"},"content":{"rendered":"<p>More than 500 cleanings<\/p>\n<p>So simply to use<\/p>\n<p>Anti-static, high density fiber<\/p>\n<p>Tr\u00e8s efficace m\u00eame sur une surface tr\u00e8s sale<\/p>\n<p>La technique Wet-Dry est facile \u00e0 utiliser<\/p>\n<p>La cassette de nettoyage int\u00e9rieure peut \u00eatre remplac\u00e9e<\/p>\n<p>Il s'agit de la meilleure m\u00e9thode de nettoyage sans alcool pour diverses terminaisons de fibres optiques, \u00e0 faible co\u00fbt de nettoyage.<\/p>\n<p>Alternative SKU reference could be supplied (2018860059.4242) for FIFO stock management while characteristic remain the same !<\/p>\nPrivate File - Access Forbidden","protected":false},"excerpt":{"rendered":"<p>Plus de 500 nettoyages Facile \u00e0 utiliser la technique Wet-Dry Cassette de nettoyage int\u00e9rieure rempla\u00e7able C'est l'accessoire indispensable pour maintenir et garantir une bonne qualit\u00e9 de connexion optique.<\/p>\n<p>Tous les fichiers techniques se trouvent ci-dessous dans la section \u201c<strong>Description<\/strong>\u201dVous devez \u00eatre connect\u00e9 pour voir le lien permettant de t\u00e9l\u00e9charger le fichier. Aller \u00e0 <a href=\"https:\/\/www.arcane-group.be\/fr\/my-account\/\">Mon compte<\/a>\u00a0pour se connecter ou cr\u00e9er un compte.<\/p>","protected":false},"featured_media":21728,"comment_status":"open","ping_status":"closed","template":"","meta":[],"product_brand":[],"product_cat":[175,282],"product_tag":[286,287,288,289,284,285,210,283],"class_list":{"0":"post-20035","1":"product","2":"type-product","3":"status-publish","4":"has-post-thumbnail","6":"product_cat-optical-fiber","7":"product_cat-tools","8":"product_tag-cassette","9":"product_tag-cle","10":"product_tag-cle-box","11":"product_tag-cle-k7","12":"product_tag-cleaning","13":"product_tag-k7","14":"product_tag-optical-fiber","15":"product_tag-tools","17":"first","18":"instock","19":"sale","20":"taxable","21":"shipping-taxable","22":"purchasable","23":"product-type-simple"},"_links":{"self":[{"href":"https:\/\/www.arcane-group.be\/fr\/wp-json\/wp\/v2\/product\/20035","targetHints":{"allow":["GET"]}}],"collection":[{"href":"https:\/\/www.arcane-group.be\/fr\/wp-json\/wp\/v2\/product"}],"about":[{"href":"https:\/\/www.arcane-group.be\/fr\/wp-json\/wp\/v2\/types\/product"}],"replies":[{"embeddable":true,"href":"https:\/\/www.arcane-group.be\/fr\/wp-json\/wp\/v2\/comments?post=20035"}],"wp:featuredmedia":[{"embeddable":true,"href":"https:\/\/www.arcane-group.be\/fr\/wp-json\/wp\/v2\/media\/21728"}],"wp:attachment":[{"href":"https:\/\/www.arcane-group.be\/fr\/wp-json\/wp\/v2\/media?parent=20035"}],"wp:term":[{"taxonomy":"product_brand","embeddable":true,"href":"https:\/\/www.arcane-group.be\/fr\/wp-json\/wp\/v2\/product_brand?post=20035"},{"taxonomy":"product_cat","embeddable":true,"href":"https:\/\/www.arcane-group.be\/fr\/wp-json\/wp\/v2\/product_cat?post=20035"},{"taxonomy":"product_tag","embeddable":true,"href":"https:\/\/www.arcane-group.be\/fr\/wp-json\/wp\/v2\/product_tag?post=20035"}],"curies":[{"name":"wp","href":"https:\/\/api.w.org\/{rel}","templated":true}]}}