{"id":20030,"date":"2021-11-28T22:34:32","date_gmt":"2021-11-28T19:34:32","guid":{"rendered":"https:\/\/www.arcane-group.be\/?post_type=product&#038;p=20030"},"modified":"2025-12-22T17:06:05","modified_gmt":"2025-12-22T16:06:05","slug":"precision-fiber-cleaver","status":"publish","type":"product","link":"https:\/\/www.arcane-group.be\/fr\/produit\/precision-fiber-cleaver\/","title":{"rendered":"Couteau de pr\u00e9cision"},"content":{"rendered":"<p>This is the prefect tool to cut the fibreglass before for fusion splicing<\/p>\n<p>When ordering a fusion splicer to ARCANE, such tool is always included in the Fusion Splicer Kit.<\/p>\n<p>It could be ordered for spare needs or to be able to train several peaple in parallel.<\/p>\n<p>Connectez-vous \u00e0 la boutique pour obtenir la derni\u00e8re mise \u00e0 jour des prix !<\/p>","protected":false},"excerpt":{"rendered":"<p>Coupe-fibre de haute pr\u00e9cision <strong>NON<\/strong> M\u00e9canisme de recul automatique 4 pieds amortisseurs pour \u00e9viter les mouvements pendant l'op\u00e9ration de coupe Lame de haute pr\u00e9cision Les lames de rechange peuvent \u00eatre command\u00e9es Bin pour recevoir les fibres coup\u00e9es La lame peut \u00eatre remplac\u00e9e et \u00e9galement command\u00e9e s\u00e9par\u00e9ment Connectez-vous \u00e0 la boutique pour obtenir la derni\u00e8re mise \u00e0 jour des prix !<\/p>\n<p>Tous les fichiers techniques se trouvent ci-dessous dans la section \u201c<strong>Description<\/strong>\u201dVous devez \u00eatre connect\u00e9 pour voir le lien permettant de t\u00e9l\u00e9charger le fichier. Aller \u00e0 <a href=\"https:\/\/www.arcane-group.be\/fr\/my-account\/\">Mon compte<\/a>\u00a0pour se connecter ou cr\u00e9er un compte.<\/p>","protected":false},"featured_media":0,"comment_status":"open","ping_status":"closed","template":"","meta":[],"product_brand":[],"product_cat":[175,282],"product_tag":[290,293,210,291,292,283],"class_list":{"0":"post-20030","1":"product","2":"type-product","3":"status-publish","5":"product_cat-optical-fiber","6":"product_cat-tools","7":"product_tag-cleaver","8":"product_tag-cutting","9":"product_tag-optical-fiber","10":"product_tag-splice-accessories","11":"product_tag-splicing-tools","12":"product_tag-tools","14":"first","15":"instock","16":"sale","17":"taxable","18":"shipping-taxable","19":"purchasable","20":"product-type-simple"},"_links":{"self":[{"href":"https:\/\/www.arcane-group.be\/fr\/wp-json\/wp\/v2\/product\/20030","targetHints":{"allow":["GET"]}}],"collection":[{"href":"https:\/\/www.arcane-group.be\/fr\/wp-json\/wp\/v2\/product"}],"about":[{"href":"https:\/\/www.arcane-group.be\/fr\/wp-json\/wp\/v2\/types\/product"}],"replies":[{"embeddable":true,"href":"https:\/\/www.arcane-group.be\/fr\/wp-json\/wp\/v2\/comments?post=20030"}],"wp:attachment":[{"href":"https:\/\/www.arcane-group.be\/fr\/wp-json\/wp\/v2\/media?parent=20030"}],"wp:term":[{"taxonomy":"product_brand","embeddable":true,"href":"https:\/\/www.arcane-group.be\/fr\/wp-json\/wp\/v2\/product_brand?post=20030"},{"taxonomy":"product_cat","embeddable":true,"href":"https:\/\/www.arcane-group.be\/fr\/wp-json\/wp\/v2\/product_cat?post=20030"},{"taxonomy":"product_tag","embeddable":true,"href":"https:\/\/www.arcane-group.be\/fr\/wp-json\/wp\/v2\/product_tag?post=20030"}],"curies":[{"name":"wp","href":"https:\/\/api.w.org\/{rel}","templated":true}]}}