{"id":655,"date":"2014-05-18T13:40:32","date_gmt":"2014-05-18T13:40:32","guid":{"rendered":"http:\/\/demo.oxygentheme.com\/demo-content\/?page_id=655"},"modified":"2025-12-21T12:55:15","modified_gmt":"2025-12-21T11:55:15","slug":"services","status":"publish","type":"page","link":"https:\/\/www.arcane-group.be\/fr\/services\/","title":{"rendered":"Qui sommes-nous ?"},"content":{"rendered":"<h1>Qui sommes-nous ?<\/h1>\n<p>Arcane-Group est une soci\u00e9t\u00e9 belge bas\u00e9e \u00e0 Li\u00e8ge, fond\u00e9e en 2011 par Marc et Olivier, initialement pour fournir des services d'expertise \u00e0 des compagnies d'assurance telles que Ethias, Protect, P&amp;V, Vivium, AXA....<\/p>\n<p>Apr\u00e8s de nombreux \u00e9v\u00e9nements et un changement de cap majeur, Arcane s'est finalement sp\u00e9cialis\u00e9e dans le conseil en achat pour des entreprises belges de premier plan telles que : VOO, NTT Data, CIRB, SPW, Proximus, Elia, Euroclear, La D\u00e9fense, etc.<\/p>\n<p>Parall\u00e8lement \u00e0 l'achat de services de conseil, depuis 2015, en r\u00e9ponse \u00e0 une demande assez explicite de l'un de nos clients : \u201c<em>Pouvez-vous nous aider \u00e0 am\u00e9liorer notre marge op\u00e9rationnelle ?<\/em> <em>Pouvez-vous nous aider \u00e0 am\u00e9liorer drastiquement nos prix d'achat pour certains biens ?<\/em> ... \u201d nous nous sommes sp\u00e9cialis\u00e9s dans l'achat de produits techniques. Notre service de conseil en mati\u00e8re d'achats a tellement satisfait notre client qu'il nous a demand\u00e9 d'agir en tant qu'interm\u00e9diaire commercial\/centre d'achat.<\/p>\n<p>Depuis lors, nous distribuons des solutions de t\u00e9l\u00e9communications adapt\u00e9es aux besoins de nos clients.<\/p>\n<p>Nous continuons \u00e0 distribuer tous les produits qui ont satisfait nos clients.<\/p>\n<p>Chaque client \u00e9tant diff\u00e9rent, nous r\u00e9alisons fr\u00e9quemment des projets de sourcing sp\u00e9cifiques. Si le client nous en donne l'autorisation, nous mettons en commun les besoins potentiels de nos autres clients afin d'am\u00e9liorer encore la proposition commerciale.<\/p>\n<p>Tout le monde y gagne.<\/p>\n<p>Pourquoi travailler avec nous ? Parce que nous sommes centr\u00e9s sur le client et que notre structure est petite et r\u00e9active, avec des frais g\u00e9n\u00e9raux extr\u00eamement bas.<\/p>\n<p>Contactez-nous pour vos besoins en mati\u00e8re d'achats ou d'approvisionnement strat\u00e9gique, nous sommes \u00e0 votre service.<\/p>","protected":false},"excerpt":{"rendered":"<p>Who We are Arcane-Group is a Belgian company based in Li\u00e8ge, founded in 2011 by Marc and Olivier, initially to<\/p>","protected":false},"author":1,"featured_media":0,"parent":0,"menu_order":0,"comment_status":"open","ping_status":"open","template":"","meta":{"footnotes":""},"class_list":["post-655","page","type-page","status-publish","hentry"],"_links":{"self":[{"href":"https:\/\/www.arcane-group.be\/fr\/wp-json\/wp\/v2\/pages\/655","targetHints":{"allow":["GET"]}}],"collection":[{"href":"https:\/\/www.arcane-group.be\/fr\/wp-json\/wp\/v2\/pages"}],"about":[{"href":"https:\/\/www.arcane-group.be\/fr\/wp-json\/wp\/v2\/types\/page"}],"author":[{"embeddable":true,"href":"https:\/\/www.arcane-group.be\/fr\/wp-json\/wp\/v2\/users\/1"}],"replies":[{"embeddable":true,"href":"https:\/\/www.arcane-group.be\/fr\/wp-json\/wp\/v2\/comments?post=655"}],"version-history":[{"count":5,"href":"https:\/\/www.arcane-group.be\/fr\/wp-json\/wp\/v2\/pages\/655\/revisions"}],"predecessor-version":[{"id":23861,"href":"https:\/\/www.arcane-group.be\/fr\/wp-json\/wp\/v2\/pages\/655\/revisions\/23861"}],"wp:attachment":[{"href":"https:\/\/www.arcane-group.be\/fr\/wp-json\/wp\/v2\/media?parent=655"}],"curies":[{"name":"wp","href":"https:\/\/api.w.org\/{rel}","templated":true}]}}